{"id":117,"date":"2024-08-01T10:53:24","date_gmt":"2024-08-01T08:53:24","guid":{"rendered":"https:\/\/www.tilesuite.lu\/?page_id=117"},"modified":"2025-06-09T22:40:33","modified_gmt":"2025-06-09T20:40:33","slug":"service","status":"publish","type":"page","link":"https:\/\/www.tilesuite.lu\/en\/service\/","title":{"rendered":"Service"},"content":{"rendered":"<section class=\"hero-section section\">\n\n    <div class=\"section-inner page-title\">\n\n        <div class=\"wrapper\">\n\n            <div class=\"grid-row justify-bottom\">\n                <div class=\"col-s1e8\">\n                    \n    <h1 class=\"h3\" aria-label=\"Tilesuite by PCF\">\n                    <span class=\"word-lettering do-anim\">                            Tilesuite by PCF            <\/span>            <\/h1>\n                <\/div>\n                <div class=\"col-s12e24 sm-margin-small\">\n                    \n    <p class=\"h3\" aria-label=\"Tiling, plaster, screed work, facades and more&lt;br \/&gt;\">\n                    <span class=\"word-lettering do-anim\">                            Tiling, plaster, screed work, facades and more<br \/>\r\n            <\/span>            <\/p>\n                <\/div>\n            <\/div>\n\n        <\/div>\n\n    <\/div>\n\n    \n        <div class=\"page-title-image\">\n        \n<div class=\"fs-bg fs-bg-1\">\n    \n    <div class=\"fs-bg-el\">\n        <img src=\"https:\/\/www.tilesuite.lu\/wp-content\/uploads\/2024\/09\/about-01.webp\" srcset=\"https:\/\/www.tilesuite.lu\/wp-content\/uploads\/2024\/09\/about-01.webp 1680w, https:\/\/www.tilesuite.lu\/wp-content\/uploads\/2024\/09\/about-01-1440x1077.webp 1440w, https:\/\/www.tilesuite.lu\/wp-content\/uploads\/2024\/09\/about-01-1024x766.webp 1024w, https:\/\/www.tilesuite.lu\/wp-content\/uploads\/2024\/09\/about-01-768x574.webp 768w, https:\/\/www.tilesuite.lu\/wp-content\/uploads\/2024\/09\/about-01-512x383.webp 512w\"  width=\"1920\" height=\"1436\" alt=\"about-01\" decoding=\"async\" loading=\"lazy\" >    <\/div>\n<\/div>\n    <\/div>\n    \n    \n<\/section>\n\n\n\n\n<section class=\"service-details-section section\">\n\n    <div class=\"section-inner\">\n\n        <div class=\"wrapper\">\n\n            <div class=\"grid-row\">\n\n                <div class=\"col-s1e6 sm-hide sticky-parent\">\n                    <div class=\"sticky-el\" data-sticky-top=\"160\">\n                        <div class=\"fs-filter\">\n                            <ul class=\"\">\n                            <li class=\"\"><a class=\"scroll-index\" href=\"#\" data-scroll-id=\"1\" data-scroll-name=\"beratung\">Consulting<\/a><\/li><li class=\"\"><a class=\"scroll-index\" href=\"#\" data-scroll-id=\"2\" data-scroll-name=\"planung\">Planning<\/a><\/li><li class=\"\"><a class=\"scroll-index\" href=\"#\" data-scroll-id=\"3\" data-scroll-name=\"raumkonzepte\">Room concepts<\/a><\/li><li class=\"\"><a class=\"scroll-index\" href=\"#\" data-scroll-id=\"4\" data-scroll-name=\"verlegeservice\">Laying service<\/a><\/li><li class=\"\"><a class=\"scroll-index\" href=\"#\" data-scroll-id=\"5\" data-scroll-name=\"innenputz\">Interior plaster<\/a><\/li><li class=\"\"><a class=\"scroll-index\" href=\"#\" data-scroll-id=\"6\" data-scroll-name=\"estricharbeiten\">Screed work<\/a><\/li><li class=\"\"><a class=\"scroll-index\" href=\"#\" data-scroll-id=\"7\" data-scroll-name=\"fassaden\">Facades<\/a><\/li>                            <\/ul>\n                        <\/div>\n                        <div class=\"sticky-col-bottom\">\n                            <p><strong>Contact us for<br \/>\na non-binding consultation.<br \/>\n<\/strong><\/p>\n                                                        <p>\n                                \n<a class=\"btn  btn-simple\" href=\"https:\/\/www.tilesuite.lu\/en\/contact\/\" target=\"\" >\n    <span class=\"btn-text\">\n        <span>Contact us<\/span>\n        <span>Contact us<\/span>\n    <\/span>\n        <span class=\"btn-icon\"><svg xmlns=\"http:\/\/www.w3.org\/2000\/svg\" version=\"1.1\" viewbox=\"0 0 180.8 180.6\" fill=\"currentColor\">\n  <polygon points=\"177.8 90.1 177.1 89.7 88 .7 88 26.7 142.5 81.2 2 81.2 2 99.6 142.3 99.6 88 152.1 88 178.2 177.8 90.4 177.6 90.2 177.8 90.1\"\/>\n<\/svg><\/span>\n    <\/a>                            <\/p>\n                                                    <\/div>\n                    <\/div>\n                <\/div>\n\n                <div class=\"col-s12e24 service-detail-container\">\n\n                    \n\t<div class=\"service-detail-item scroll-index-rel\" data-scroll-id=\"1\">\n\t\t\n    <h2 class=\"h3 service-detail-intro\" aria-label=\"We advise you personally and individually\">\n                                                We advise you personally and individually                        <\/h2>\n\t\t            \n\n\n    <div class=\"fs-gallery\">\n                <div class=\"w-12 fs-gallery-item\">\n            \n<div class=\"fs-media fs-media-ratio-4-3\">\n    <div class=\"fs-media-item\">\n        <div class=\"fs-media-item-inner\">\n            <img src=\"https:\/\/www.tilesuite.lu\/wp-content\/uploads\/2024\/08\/gabrielle-henderson-HJckKnwCXxQ.webp\" srcset=\"https:\/\/www.tilesuite.lu\/wp-content\/uploads\/2024\/08\/gabrielle-henderson-HJckKnwCXxQ.webp 1440w, https:\/\/www.tilesuite.lu\/wp-content\/uploads\/2024\/08\/gabrielle-henderson-HJckKnwCXxQ-1024x719.webp 1024w, https:\/\/www.tilesuite.lu\/wp-content\/uploads\/2024\/08\/gabrielle-henderson-HJckKnwCXxQ-768x539.webp 768w, https:\/\/www.tilesuite.lu\/wp-content\/uploads\/2024\/08\/gabrielle-henderson-HJckKnwCXxQ-512x359.webp 512w\"  width=\"1200\" height=\"842\" alt=\"gabrielle-henderson-HJckKnwCXxQ\" decoding=\"async\" loading=\"lazy\" >        <\/div>\n    <\/div>\n<\/div>\n        <\/div>\n            <\/div>\n\n        \n\n        \t\t<div class=\"service-detail-text\">\n\t\t\t\n    <p class=\"h6\" aria-label=\"Your satisfaction comes first\">\n        <strong>                                        Your satisfaction comes first                    <\/strong>    <\/p>\n<p>Our aim is to turn your ideas and wishes into reality and to provide you with the best possible support when purchasing tiles and planning and implementing your projects. We take time for you and your individual wishes. In detailed discussions, we determine the best solutions to suit both your style and your budget.<\/p>\n\n    <p class=\"h6\" aria-label=\"3D visualization&lt;br \/&gt;\">\n        <strong>                                        3D visualization<br \/>\r\n                    <\/strong>    <\/p>\n<p>To give you a clear idea of what your rooms will look like once they have been implemented, we are also happy to offer you a professional 3D visualization of your bathroom when you buy tiles. This allows you to make your decisions with confidence.<\/p>\n\t\t<\/div>\n\t<\/div>\n\t<div class=\"service-detail-item scroll-index-rel\" data-scroll-id=\"2\">\n\t\t\n    <h2 class=\"h3 service-detail-intro\" aria-label=\"Sophisticated planning for successful projects\">\n                                                Sophisticated planning for successful projects                        <\/h2>\n\t\t            \n\n\n    <div class=\"fs-gallery\">\n                <div class=\"w-6 fs-gallery-item\">\n            \n<div class=\"fs-media fs-media-ratio-4-3\">\n    <div class=\"fs-media-item\">\n        <div class=\"fs-media-item-inner\">\n            <img src=\"https:\/\/www.tilesuite.lu\/wp-content\/uploads\/2024\/08\/planung-01.webp\" srcset=\"https:\/\/www.tilesuite.lu\/wp-content\/uploads\/2024\/08\/planung-01.webp 1024w, https:\/\/www.tilesuite.lu\/wp-content\/uploads\/2024\/08\/planung-01-768x768.webp 768w, https:\/\/www.tilesuite.lu\/wp-content\/uploads\/2024\/08\/planung-01-512x512.webp 512w\"  width=\"1024\" height=\"1024\" alt=\"planning-01\" decoding=\"async\" loading=\"lazy\" >        <\/div>\n    <\/div>\n<\/div>\n        <\/div>\n                <div class=\"w-6 fs-gallery-item\">\n            \n<div class=\"fs-media fs-media-ratio-4-3\">\n    <div class=\"fs-media-item\">\n        <div class=\"fs-media-item-inner\">\n            <img src=\"https:\/\/www.tilesuite.lu\/wp-content\/uploads\/2024\/08\/Bad-Vegers-1--1024x698.webp\" srcset=\"https:\/\/www.tilesuite.lu\/wp-content\/uploads\/2024\/08\/Bad-Vegers-1--1024x698.webp 1024w, https:\/\/www.tilesuite.lu\/wp-content\/uploads\/2024\/08\/Bad-Vegers-1--768x524.webp 768w, https:\/\/www.tilesuite.lu\/wp-content\/uploads\/2024\/08\/Bad-Vegers-1--512x349.webp 512w\"  width=\"1024\" height=\"698\" alt=\"Bad Vegers 1\" decoding=\"async\" loading=\"lazy\" >        <\/div>\n    <\/div>\n<\/div>\n        <\/div>\n            <\/div>\n\n        \n\n        \t\t<div class=\"service-detail-text\">\n\t\t\t<p>Whether you are buying <a href=\"https:\/\/www.tilesuite.lu\/en\/product\/floor-tiles\/\">Floor tiles<\/a>, <a href=\"https:\/\/www.tilesuite.lu\/en\/product\/xxl-tiles\/\">XXL tiles<\/a>, <a href=\"https:\/\/www.tilesuite.lu\/en\/product\/bathroom-tiles\/\">Bathroom tiles<\/a> or <a href=\"https:\/\/www.tilesuite.lu\/en\/product\/outdoor\/\">Terrace tiles<\/a> - Our precision and commitment to the highest quality make us the ideal partner for planning your projects. When buying tiles, you too can rely on our expertise and experience to turn your visions into reality.<\/p>\n\t\t<\/div>\n\t<\/div>\n\t<div class=\"service-detail-item scroll-index-rel\" data-scroll-id=\"3\">\n\t\t\n    <h2 class=\"h3 service-detail-intro\" aria-label=\"Interior design that reflects your personal style\">\n                                                Interior design that reflects your personal style                        <\/h2>\n\t\t            \n\n\n    <div class=\"fs-gallery\">\n                <div class=\"w-12 fs-gallery-item\">\n            \n<div class=\"fs-media fs-media-ratio-4-3\">\n    <div class=\"fs-media-item\">\n        <div class=\"fs-media-item-inner\">\n            <img src=\"https:\/\/www.tilesuite.lu\/wp-content\/uploads\/2024\/08\/P.AMB_.002038-1440x1080.webp\" srcset=\"https:\/\/www.tilesuite.lu\/wp-content\/uploads\/2024\/08\/P.AMB_.002038-1440x1080.webp 1440w, https:\/\/www.tilesuite.lu\/wp-content\/uploads\/2024\/08\/P.AMB_.002038-1024x768.webp 1024w, https:\/\/www.tilesuite.lu\/wp-content\/uploads\/2024\/08\/P.AMB_.002038-768x576.webp 768w, https:\/\/www.tilesuite.lu\/wp-content\/uploads\/2024\/08\/P.AMB_.002038-512x384.webp 512w\"  width=\"1440\" height=\"1080\" alt=\"P.AMB.002038\" decoding=\"async\" loading=\"lazy\" >        <\/div>\n    <\/div>\n<\/div>\n        <\/div>\n            <\/div>\n\n        \n\n        \t\t<div class=\"service-detail-text\">\n\t\t\t\n    <h3 class=\"h6\" aria-label=\"Planning and designing bathrooms&lt;br \/&gt;\">\n        <strong>                                        Planning and designing bathrooms<br \/>\r\n                    <\/strong>    <\/h3>\n<p>Together, we transform rooms into sophisticated living environments that inspire in every respect. The focus of our room concepts is currently on the planning and design of bathrooms. Here, we develop individual solutions that are both functional and visually impressive and perfectly tailored to your needs.<\/p>\n<p>We pay particular attention to harmoniously combining aesthetic and practical requirements. This also includes well thought-out suggestions for decorative elements to realize your visions one-to-one.<\/p>\n\n    <h3 class=\"h6\" aria-label=\"We bring room concepts to life&lt;br \/&gt;\">\n        <strong>                                        We bring room concepts to life<br \/>\r\n                    <\/strong>    <\/h3>\n<p>Thanks to our wide-ranging expertise in various trades, we are able to offer some of the work from a single source. Together with our tilers, screed layers and plasterers, we make the construction phase as stress-free and efficient as possible for clients - without unnecessarily lengthy coordination. It is important for us to emphasize that we do not take on any construction management for external trades, but we do provide the necessary plans and documents.<\/p>\n\t\t<\/div>\n\t<\/div>\n\t<div class=\"service-detail-item scroll-index-rel\" data-scroll-id=\"4\">\n\t\t\n    <h2 class=\"h3 service-detail-intro\" aria-label=\"Your tilers for Weiswampach and the region\">\n                                                Your tilers for Weiswampach and the region                        <\/h2>\n\t\t            \n\n\n    <div class=\"fs-gallery\">\n                <div class=\"w-6 fs-gallery-item\">\n            \n<div class=\"fs-media fs-media-ratio-4-3\">\n    <div class=\"fs-media-item\">\n        <div class=\"fs-media-item-inner\">\n            <img src=\"https:\/\/www.tilesuite.lu\/wp-content\/uploads\/2024\/08\/verlegen-01-1024x683.webp\" srcset=\"https:\/\/www.tilesuite.lu\/wp-content\/uploads\/2024\/08\/verlegen-01-1024x683.webp 1024w, https:\/\/www.tilesuite.lu\/wp-content\/uploads\/2024\/08\/verlegen-01-768x512.webp 768w, https:\/\/www.tilesuite.lu\/wp-content\/uploads\/2024\/08\/verlegen-01-512x341.webp 512w\"  width=\"1024\" height=\"683\" alt=\"relocate-01\" decoding=\"async\" loading=\"lazy\" >        <\/div>\n    <\/div>\n<\/div>\n        <\/div>\n                <div class=\"w-6 fs-gallery-item\">\n            \n<div class=\"fs-media fs-media-ratio-4-3\">\n    <div class=\"fs-media-item\">\n        <div class=\"fs-media-item-inner\">\n            <img src=\"https:\/\/www.tilesuite.lu\/wp-content\/uploads\/2024\/09\/borgogneperigieux.webp\" srcset=\"https:\/\/www.tilesuite.lu\/wp-content\/uploads\/2024\/09\/borgogneperigieux.webp 1024w, https:\/\/www.tilesuite.lu\/wp-content\/uploads\/2024\/09\/borgogneperigieux-768x768.webp 768w, https:\/\/www.tilesuite.lu\/wp-content\/uploads\/2024\/09\/borgogneperigieux-512x512.webp 512w\"  width=\"1024\" height=\"1024\" alt=\"borgogneperigieux\" decoding=\"async\" loading=\"lazy\" >        <\/div>\n    <\/div>\n<\/div>\n        <\/div>\n            <\/div>\n\n        \n\n        \t\t<div class=\"service-detail-text\">\n\t\t\t<p>When laying tiles, it is particularly important to work precisely and pay attention to the lines in order to create a coherent look. Our experienced tilers know the subtleties that make the difference and are true experts in the field of tile laying. Thanks to continuous further training, our specialists are also familiar with modern laying techniques and can also lay tiles in XXL format precisely and professionally.<\/p>\n<p>We offer our services for wall and floor tiles, terraces, natural stone and large-format slabs and install them in private households, commercial premises and public institutions. We also advise you on floor construction and work with you to plan the optimum tile installation according to your wishes.<br \/>\nTilesuite - your experienced tiler near you!<\/p>\n\t\t<\/div>\n\t<\/div>\n\t<div class=\"service-detail-item scroll-index-rel\" data-scroll-id=\"5\">\n\t\t\n    <h2 class=\"h3 service-detail-intro\" aria-label=\"Interior plaster - more than just a new wall surface\">\n                                                Interior plaster - more than just a new wall surface                        <\/h2>\n\t\t            \n\n\n    <div class=\"fs-gallery\">\n                <div class=\"w-12 fs-gallery-item\">\n            \n<div class=\"fs-media fs-media-ratio-4-3\">\n    <div class=\"fs-media-item\">\n        <div class=\"fs-media-item-inner\">\n            <img src=\"https:\/\/www.tilesuite.lu\/wp-content\/uploads\/2024\/08\/verputzen-01.webp\" srcset=\"https:\/\/www.tilesuite.lu\/wp-content\/uploads\/2024\/08\/verputzen-01.webp 1440w, https:\/\/www.tilesuite.lu\/wp-content\/uploads\/2024\/08\/verputzen-01-1024x1024.webp 1024w, https:\/\/www.tilesuite.lu\/wp-content\/uploads\/2024\/08\/verputzen-01-768x768.webp 768w, https:\/\/www.tilesuite.lu\/wp-content\/uploads\/2024\/08\/verputzen-01-512x512.webp 512w\"  width=\"1280\" height=\"1280\" alt=\"plaster-01\" decoding=\"async\" loading=\"lazy\" >        <\/div>\n    <\/div>\n<\/div>\n        <\/div>\n            <\/div>\n\n        \n\n        \t\t<div class=\"service-detail-text\">\n\t\t\t<p>Smooth surfaces for a modern look or charming textured plaster for a cozy ambience: When it comes to interior plastering, we rely on modern techniques and high-quality materials to ensure that your walls not only look good, but also last a really long time. Our plasterers take care of every detail to ensure that you are completely satisfied with the end result.<\/p>\n\t\t<\/div>\n\t<\/div>\n\t<div class=\"service-detail-item scroll-index-rel\" data-scroll-id=\"6\">\n\t\t\n    <h2 class=\"h3 service-detail-intro\" aria-label=\"Screed work - stable substrates for modern floors&lt;br \/&gt;\">\n                                                Screed work - stable substrates for modern floors<br \/>\r\n                        <\/h2>\n\t\t            \n\n\n    <div class=\"fs-gallery\">\n                <div class=\"w-12 fs-gallery-item\">\n            \n<div class=\"fs-media fs-media-ratio-4-3\">\n    <div class=\"fs-media-item\">\n        <div class=\"fs-media-item-inner\">\n            <img src=\"https:\/\/www.tilesuite.lu\/wp-content\/uploads\/2024\/08\/estrich-01.webp\" srcset=\"https:\/\/www.tilesuite.lu\/wp-content\/uploads\/2024\/08\/estrich-01.webp 1440w, https:\/\/www.tilesuite.lu\/wp-content\/uploads\/2024\/08\/estrich-01-1024x614.webp 1024w, https:\/\/www.tilesuite.lu\/wp-content\/uploads\/2024\/08\/estrich-01-768x461.webp 768w, https:\/\/www.tilesuite.lu\/wp-content\/uploads\/2024\/08\/estrich-01-512x307.webp 512w\"  width=\"1250\" height=\"750\" alt=\"estrich-01\" decoding=\"async\" loading=\"lazy\" >        <\/div>\n    <\/div>\n<\/div>\n        <\/div>\n            <\/div>\n\n        \n\n        \t\t<div class=\"service-detail-text\">\n\t\t\t<p>From the first measurement to the final layer: with us, you can be sure that your screed work will be done quickly, cleanly and to the highest quality.  That's why our screed layers also attach great importance to care and reliability to ensure that your floor is not only level, but also durable.<\/p>\n\t\t<\/div>\n\t<\/div>\n\t<div class=\"service-detail-item scroll-index-rel\" data-scroll-id=\"7\">\n\t\t\n    <h2 class=\"h3 service-detail-intro\" aria-label=\"Fa&ccedil;ade builder with an eye for detail&lt;br \/&gt;\">\n                                                Fa\u00e7ade builder with an eye for detail<br \/>\r\n                        <\/h2>\n\t\t            \n\n\n    <div class=\"fs-gallery\">\n                <div class=\"w-6 fs-gallery-item\">\n            \n<div class=\"fs-media fs-media-ratio-4-3\">\n    <div class=\"fs-media-item\">\n        <div class=\"fs-media-item-inner\">\n            <img src=\"https:\/\/www.tilesuite.lu\/wp-content\/uploads\/2024\/08\/47614_2400x1600_W2400xH0-1024x683.webp\" srcset=\"https:\/\/www.tilesuite.lu\/wp-content\/uploads\/2024\/08\/47614_2400x1600_W2400xH0-1024x683.webp 1024w, https:\/\/www.tilesuite.lu\/wp-content\/uploads\/2024\/08\/47614_2400x1600_W2400xH0-768x512.webp 768w, https:\/\/www.tilesuite.lu\/wp-content\/uploads\/2024\/08\/47614_2400x1600_W2400xH0-512x341.webp 512w\"  width=\"1024\" height=\"683\" alt=\"47614_2400x1600_W2400xH0\" decoding=\"async\" loading=\"lazy\" >        <\/div>\n    <\/div>\n<\/div>\n        <\/div>\n                <div class=\"w-6 fs-gallery-item\">\n            \n<div class=\"fs-media fs-media-ratio-4-3\">\n    <div class=\"fs-media-item\">\n        <div class=\"fs-media-item-inner\">\n            <img src=\"https:\/\/www.tilesuite.lu\/wp-content\/uploads\/2024\/08\/foto-thomas-de-bruyne-keerbergendemot-2-Kopie-1024x683.webp\" srcset=\"https:\/\/www.tilesuite.lu\/wp-content\/uploads\/2024\/08\/foto-thomas-de-bruyne-keerbergendemot-2-Kopie-1024x683.webp 1024w, https:\/\/www.tilesuite.lu\/wp-content\/uploads\/2024\/08\/foto-thomas-de-bruyne-keerbergendemot-2-Kopie-768x512.webp 768w, https:\/\/www.tilesuite.lu\/wp-content\/uploads\/2024\/08\/foto-thomas-de-bruyne-keerbergendemot-2-Kopie-512x341.webp 512w\"  width=\"1024\" height=\"683\" alt=\"photo-thomas-de-bruyne-keerbergendemot-2 copy\" decoding=\"async\" loading=\"lazy\" >        <\/div>\n    <\/div>\n<\/div>\n        <\/div>\n            <\/div>\n\n        \n\n        \t\t<div class=\"service-detail-text\">\n\t\t\t<p>High-quality fa\u00e7ade solutions thanks to technical knowledge and years of experience: there is a lot to consider when creating a fa\u00e7ade. For a perfect and, above all, long-lasting result, the fa\u00e7ade builder must know and be able to implement all the technical details. We have this technical know-how to be able to offer the ideal solution for all requirements. To this end, we are constantly undergoing further training, be it for insulating fa\u00e7ades or simple rendered fa\u00e7ades, <a href=\"https:\/\/www.tilesuite.lu\/en\/product\/clinker-brick-slips\/\">Facades with clinker brick slips<\/a> or ventilated facades with tiles or slabs.<\/p>\n<p>Our product supplier, through whom we source only the highest quality materials, also provides us with technical advice so that even complex and rare details can be executed according to all the rules of the standard.<\/p>\n\t\t<\/div>\n\t<\/div>                \n                <\/div>\n                \n            <\/div>\n\n        <\/div>\n\n    <\/div>\n\n<\/section>","protected":false},"excerpt":{"rendered":"","protected":false},"author":1,"featured_media":0,"parent":0,"menu_order":0,"comment_status":"closed","ping_status":"closed","template":"","meta":{"_acf_changed":false,"footnotes":""},"class_list":["post-117","page","type-page","status-publish","hentry"],"acf":[],"_links":{"self":[{"href":"https:\/\/www.tilesuite.lu\/en\/wp-json\/wp\/v2\/pages\/117","targetHints":{"allow":["GET"]}}],"collection":[{"href":"https:\/\/www.tilesuite.lu\/en\/wp-json\/wp\/v2\/pages"}],"about":[{"href":"https:\/\/www.tilesuite.lu\/en\/wp-json\/wp\/v2\/types\/page"}],"author":[{"embeddable":true,"href":"https:\/\/www.tilesuite.lu\/en\/wp-json\/wp\/v2\/users\/1"}],"replies":[{"embeddable":true,"href":"https:\/\/www.tilesuite.lu\/en\/wp-json\/wp\/v2\/comments?post=117"}],"version-history":[{"count":33,"href":"https:\/\/www.tilesuite.lu\/en\/wp-json\/wp\/v2\/pages\/117\/revisions"}],"predecessor-version":[{"id":940,"href":"https:\/\/www.tilesuite.lu\/en\/wp-json\/wp\/v2\/pages\/117\/revisions\/940"}],"wp:attachment":[{"href":"https:\/\/www.tilesuite.lu\/en\/wp-json\/wp\/v2\/media?parent=117"}],"curies":[{"name":"wp","href":"https:\/\/api.w.org\/{rel}","templated":true}]}}