{"id":111,"date":"2024-08-01T10:52:43","date_gmt":"2024-08-01T08:52:43","guid":{"rendered":"https:\/\/www.tilesuite.lu\/?page_id=111"},"modified":"2025-06-09T17:22:20","modified_gmt":"2025-06-09T15:22:20","slug":"a-propos","status":"publish","type":"page","link":"https:\/\/www.tilesuite.lu\/fr\/a-propos\/","title":{"rendered":"\u00c0 propos"},"content":{"rendered":"<section class=\"hero-section section\">\n\n    <div class=\"section-inner page-title\">\n\n        <div class=\"wrapper\">\n\n            <div class=\"grid-row justify-bottom\">\n                <div class=\"col-s1e8\">\n                    \n    <h1 class=\"h3\" aria-label=\"\u00c0 propos\">\n                    <span class=\"word-lettering do-anim\">                            \u00c0 propos            <\/span>            <\/h1>\n                <\/div>\n                <div class=\"col-s12e24 sm-margin-small\">\n                    \n    <h2 class=\"h3\" aria-label=\"Tilesuite by PCF offre un service complet pour l&#039;ach\u00e8vement de votre projet de construction.\">\n                    <span class=\"word-lettering do-anim\">                            Tilesuite by PCF offre un service complet pour l'ach\u00e8vement de votre projet de construction.            <\/span>            <\/h2>\n                <\/div>\n            <\/div>\n\n        <\/div>\n\n    <\/div>\n\n    \n        <div class=\"page-title-image\">\n        \n<div class=\"fs-bg fs-bg-1\">\n    \n    <div class=\"fs-bg-el\">\n        <img src=\"https:\/\/www.tilesuite.lu\/wp-content\/uploads\/2024\/09\/gruppenbild.webp\" srcset=\"https:\/\/www.tilesuite.lu\/wp-content\/uploads\/2024\/09\/gruppenbild.webp 1680w, https:\/\/www.tilesuite.lu\/wp-content\/uploads\/2024\/09\/gruppenbild-1440x815.webp 1440w, https:\/\/www.tilesuite.lu\/wp-content\/uploads\/2024\/09\/gruppenbild-1024x580.webp 1024w, https:\/\/www.tilesuite.lu\/wp-content\/uploads\/2024\/09\/gruppenbild-768x435.webp 768w, https:\/\/www.tilesuite.lu\/wp-content\/uploads\/2024\/09\/gruppenbild-512x290.webp 512w\"  width=\"1920\" height=\"1087\" alt=\"photo de groupe\" decoding=\"async\" loading=\"lazy\" >    <\/div>\n<\/div>\n    <\/div>\n    \n    \n<\/section>\n\n\n\n\n<section class=\"text-media-section section bottom-margin-small\">\n\n    <div class=\"section-inner\">\n\n        <div class=\"wrapper\" data-sticky-top=\"50vh\">\n\n            <div class=\"grid-row\">\n\n                <div class=\"col-s12e24 pos-2 sm-pos-2\">\n                                        <div class=\"big-intro\">\n<p>Depuis notre cr\u00e9ation, nous nous sommes sp\u00e9cialis\u00e9s dans l'offre \u00e0 nos clients de produits et de services de premi\u00e8re qualit\u00e9, \u00e0 la fois esth\u00e9tiques et fonctionnels.<\/p>\n<\/div>\n                                                        <\/div>\n\n                                <div class=\"col-s1e6 pos-1 sm-pos-1\">\n                                                                                <p><strong>Nous proposons un service complet qui r\u00e9pond enti\u00e8rement \u00e0 vos besoins et \u00e0 vos souhaits, de la planification \u00e0 la r\u00e9alisation.<\/strong><\/p>\n                <\/div>\n                                \n            <\/div>\n\n        <\/div>\n\n    <\/div>\n\n    \n<\/section>\n\n\n\n\n<section class=\"image-row-section section bottom-margin-small\">\n\n    <div class=\"section-inner\">\n\n        <div class=\"wrapper-full\">\n\n            <div class=\"grid-row grid-gallery grid-odd\">\n                    <div class=\"grid-item\">\n                        \n<div class=\"fs-media fs-media-ratio-1-1\">\n    <div class=\"fs-media-item\">\n        <div class=\"fs-media-item-inner\">\n            <img src=\"https:\/\/www.tilesuite.lu\/wp-content\/uploads\/2025\/04\/showroom-1-768x500.webp\" srcset=\"https:\/\/www.tilesuite.lu\/wp-content\/uploads\/2025\/04\/showroom-1-768x500.webp 768w, https:\/\/www.tilesuite.lu\/wp-content\/uploads\/2025\/04\/showroom-1-512x333.webp 512w\"  width=\"768\" height=\"500\" alt=\"showroom-1\" decoding=\"async\" loading=\"lazy\" >        <\/div>\n    <\/div>\n<\/div>\n                    <\/div>\n                    <div class=\"grid-item\">\n                        \n<div class=\"fs-media fs-media-ratio-1-1\">\n    <div class=\"fs-media-item\">\n        <div class=\"fs-media-item-inner\">\n            <img src=\"https:\/\/www.tilesuite.lu\/wp-content\/uploads\/2025\/04\/showroom-2-1024x782.webp\" srcset=\"https:\/\/www.tilesuite.lu\/wp-content\/uploads\/2025\/04\/showroom-2-1024x782.webp 1024w, https:\/\/www.tilesuite.lu\/wp-content\/uploads\/2025\/04\/showroom-2-768x586.webp 768w, https:\/\/www.tilesuite.lu\/wp-content\/uploads\/2025\/04\/showroom-2-512x391.webp 512w\"  width=\"1024\" height=\"782\" alt=\"showroom-2\" decoding=\"async\" loading=\"lazy\" >        <\/div>\n    <\/div>\n<\/div>\n                    <\/div>\n            <\/div>\n\n        <\/div>\n\n    <\/div>\n\n<\/section>\n\n\n\n\n\n<section class=\"text-media-section section\">\n\n    <div class=\"section-inner\">\n\n        <div class=\"wrapper\" data-sticky-top=\"50vh\">\n\n            <div class=\"grid-row\">\n\n                <div class=\"col-s12e24 pos-2 sm-pos-2\">\n                                                                                \n    <h3 class=\"h6\" aria-label=\"Tilesuite - notre showroom \u00e0 Weiswampach.\">\n        <strong>                                        Tilesuite - notre showroom \u00e0 Weiswampach.                    <\/strong>    <\/h3>\n<p>Venez visiter notre showroom exclusif \u00e0 Weiswampach, qui sert de source d'inspiration et de point de rep\u00e8re \u00e0 tous ceux qui sont \u00e0 la recherche d'espaces styl\u00e9s. Dans une ambiance moderne, nous vous pr\u00e9sentons un large choix de carreaux de qualit\u00e9 sup\u00e9rieure, qui offrent le choix parfait pour chaque concept de design et chaque am\u00e9nagement d'espace.<\/p>\n<p>Notre showroom propose un grand choix de carreaux ainsi que des inspirations pour la salle de bains. Nous conseillons nos clients avec plaisir et passion afin de trouver les mat\u00e9riaux parfaits pour chaque projet en fonction du groupe cible. Avec nos id\u00e9es vari\u00e9es, dont nous nous inspirons chaque ann\u00e9e lors de diverses visites de salons et de fournisseurs, nous apportons une touche personnelle \u00e0 chaque projet.<\/p>\n                <\/div>\n\n                                <div class=\"col-s1e6 pos-1 sm-pos-1\">\n                                                                                <p><strong> Notre objectif est de proposer un service complet pour tous les budgets, afin de r\u00e9pondre \u00e0 tous vos besoins et souhaits, de la planification \u00e0 la r\u00e9alisation.<\/strong><\/p>\n                <\/div>\n                                \n            <\/div>\n\n        <\/div>\n\n    <\/div>\n\n    \n<\/section>\n\n\n\n\n<section class=\"image-row-section section bottom-margin-mini\">\n\n    <div class=\"section-inner\">\n\n        <div class=\"wrapper-full\">\n\n            <div class=\"grid-row grid-gallery grid-odd\">\n                    <div class=\"grid-item\">\n                        \n<div class=\"fs-media fs-media-ratio-1-1\">\n    <div class=\"fs-media-item\">\n        <div class=\"fs-media-item-inner\">\n            <img src=\"https:\/\/www.tilesuite.lu\/wp-content\/uploads\/2024\/09\/Lagos-768x707.webp\" srcset=\"https:\/\/www.tilesuite.lu\/wp-content\/uploads\/2024\/09\/Lagos-768x707.webp 768w, https:\/\/www.tilesuite.lu\/wp-content\/uploads\/2024\/09\/Lagos-512x471.webp 512w\"  width=\"768\" height=\"707\" alt=\"Lagos\" decoding=\"async\" loading=\"lazy\" >        <\/div>\n    <\/div>\n<\/div>\n                    <\/div>\n                    <div class=\"grid-item\">\n                        \n<div class=\"fs-media fs-media-ratio-1-1\">\n    <div class=\"fs-media-item\">\n        <div class=\"fs-media-item-inner\">\n            <img src=\"https:\/\/www.tilesuite.lu\/wp-content\/uploads\/2024\/08\/Sassiepietre-1024x683.jpeg\" srcset=\"https:\/\/www.tilesuite.lu\/wp-content\/uploads\/2024\/08\/Sassiepietre-1024x683.jpeg 1024w, https:\/\/www.tilesuite.lu\/wp-content\/uploads\/2024\/08\/Sassiepietre-768x512.jpeg 768w, https:\/\/www.tilesuite.lu\/wp-content\/uploads\/2024\/08\/Sassiepietre-512x341.jpeg 512w\"  width=\"1024\" height=\"683\" alt=\"Sassiepietre\" decoding=\"async\" loading=\"lazy\" >        <\/div>\n    <\/div>\n<\/div>\n                    <\/div>\n            <\/div>\n\n        <\/div>\n\n    <\/div>\n\n<\/section>\n\n\n\n\n\n<section class=\"text-media-section section\">\n\n    <div class=\"section-inner\">\n\n        <div class=\"wrapper\" data-sticky-top=\"50vh\">\n\n            <div class=\"grid-row\">\n\n                <div class=\"col-s12e24 pos-2\">\n                                                                                \n    <h3 class=\"h6\" aria-label=\"PCF - Ex\u00e9cution de nos diff\u00e9rents services.\">\n        <strong>                                        PCF - Ex\u00e9cution de nos diff\u00e9rents services.                    <\/strong>    <\/h3>\n<p>Travaux tels que le cr\u00e9pissage int\u00e9rieur, la pose de chapes en ciment et de chapes isolantes li\u00e9es au ciment, la pose de carrelages et de pierres naturelles, la r\u00e9alisation de fa\u00e7ades isolantes, ventil\u00e9es et en briques, de terrasses et de piscines. Gr\u00e2ce \u00e0 notre compr\u00e9hension technique et \u00e0 nos 50 ans d'exp\u00e9rience dans le domaine de la construction, nous pouvons parfaitement traduire les souhaits du client en r\u00e9alit\u00e9. Nous accordons une tr\u00e8s grande importance au concept global et aux d\u00e9tails importants qui font la diff\u00e9rence, petite mais r\u00e9elle, dans le r\u00e9sultat final.<\/p>\n                <\/div>\n\n                                \n            <\/div>\n\n        <\/div>\n\n    <\/div>\n\n    \n<\/section>\n\n\n\n\n\n<section class=\"image-row-section section-only-bg section\">\n\n    \n<div class=\"fs-bg fs-bg-1\">\n    \n    <div class=\"fs-bg-el\">\n        <img src=\"https:\/\/www.tilesuite.lu\/wp-content\/uploads\/2024\/09\/about-01.webp\" srcset=\"https:\/\/www.tilesuite.lu\/wp-content\/uploads\/2024\/09\/about-01.webp 1680w, https:\/\/www.tilesuite.lu\/wp-content\/uploads\/2024\/09\/about-01-1440x1077.webp 1440w, https:\/\/www.tilesuite.lu\/wp-content\/uploads\/2024\/09\/about-01-1024x766.webp 1024w, https:\/\/www.tilesuite.lu\/wp-content\/uploads\/2024\/09\/about-01-768x574.webp 768w, https:\/\/www.tilesuite.lu\/wp-content\/uploads\/2024\/09\/about-01-512x383.webp 512w\"  width=\"1920\" height=\"1436\" alt=\"about-01\" decoding=\"async\" loading=\"lazy\" >    <\/div>\n<\/div>\n\n<\/section>\n\n\n\n\n\n\n<section class=\"service-section section\">\n\n    <div class=\"section-inner\">\n\n        <div class=\"wrapper\">\n\n            <div class=\"grid-row\">\n\n                <div class=\"col-s1e6 space-between\">\n\n                    <div class=\"head-col\">\n                    \n    <h2 class=\"h3\" aria-label=\"Pourquoi Tilesuite ?\">\n                                                Pourquoi Tilesuite ?                        <\/h2>\n                    <p><strong>Notre \u00e9quipe exp\u00e9riment\u00e9e est compos\u00e9e de professionnels hautement qualifi\u00e9s qui se distinguent par leur passion pour la perfection et leur souci du d\u00e9tail. <\/strong><\/p>\n                    <\/div>\n\n                                                            \n                <\/div>\n\n                <div class=\"col-s12e24\">\n                    <div class=\"big-list\">\n                                                    \n                                                                                <div class=\"big-list-item item\">\n                                            <div class=\"item-symbole\">\n                                                <svg xmlns=\"http:\/\/www.w3.org\/2000\/svg\" version=\"1.1\" viewbox=\"0 0 32 32\" fill=\"currentColor\">\n      <polygon points=\"31.6 15.2 17.8 15.2 27.6 5.5 26.5 4.4 16.8 14.2 16.8 .4 15.2 .4 15.2 14.2 5.5 4.4 4.4 5.5 14.2 15.2 .4 15.2 .4 16.8 14.2 16.8 4.4 26.5 5.5 27.6 15.2 17.8 15.2 31.6 16.8 31.6 16.8 17.8 26.5 27.6 27.6 26.5 17.8 16.8 31.6 16.8 31.6 15.2\"\/>\n<\/svg>                                            <\/div>\n                                            <div class=\"item-content\">\n                                                <div class=\"item-name h3\"> Qualit\u00e9<\/div>\n                                                <p>Nous n'utilisons que les meilleurs mat\u00e9riaux et les techniques les plus modernes pour vous offrir des r\u00e9sultats durables et esth\u00e9tiques.<\/p>\n                                            <\/div>\n                                        <\/div>\n                                                                            \n                                                                                <div class=\"big-list-item item\">\n                                            <div class=\"item-symbole\">\n                                                <svg xmlns=\"http:\/\/www.w3.org\/2000\/svg\" version=\"1.1\" viewbox=\"0 0 32 32\" fill=\"currentColor\">\n      <path d=\"M16,.4C7.4.4.4,7.4.4,16s7,15.6,15.6,15.6,15.6-7,15.6-15.6S24.6.4,16,.4ZM16,29.4c-2,0-3.6-1.6-3.6-3.6s1.6-3.6,3.6-3.6,3.6,1.6,3.6,3.6-1.6,3.6-3.6,3.6ZM19.4,29.2c.9-.9,1.4-2.1,1.4-3.4,0-2.7-2.2-4.8-4.8-4.8s-4.8,2.2-4.8,4.8.6,2.6,1.4,3.4c-3.6-1.4-6.2-4.9-6.2-9s4.3-9.6,9.6-9.6,9.6,4.3,9.6,9.6-2.6,7.6-6.2,9ZM24.5,27.2c1.6-1.9,2.5-4.3,2.5-7,0-6.1-4.9-11-11-11s-11,4.9-11,11,.9,5.1,2.5,7c-3.4-2.6-5.6-6.6-5.6-11.2C1.9,8.2,8.2,1.9,16,1.9s14.1,6.3,14.1,14.1-2.2,8.6-5.6,11.2Z\"\/>\n<\/svg>                                            <\/div>\n                                            <div class=\"item-content\">\n                                                <div class=\"item-name h3\"> Fiabilit\u00e9<\/div>\n                                                <p>Vous pouvez compter sur nous. Nous tenons nos promesses et livrons nos travaux dans les d\u00e9lais et avec une qualit\u00e9 irr\u00e9prochable.<\/p>\n                                            <\/div>\n                                        <\/div>\n                                                                            \n                                                                                <div class=\"big-list-item item\">\n                                            <div class=\"item-symbole\">\n                                                <svg xmlns=\"http:\/\/www.w3.org\/2000\/svg\" version=\"1.1\" viewbox=\"0 0 32 32\" fill=\"currentColor\">\n      <path d=\"M.4.4v31.2h31.2V.4H.4ZM22.2,22.2h-12.5v-12.5h12.5v12.5ZM8.3,21.7l-5.7-5.7,5.7-5.7v11.5ZM21.7,23.7l-5.7,5.7-5.7-5.7h11.5ZM23.7,10.3l5.7,5.7-5.7,5.7v-11.5ZM10.3,8.3l5.7-5.7,5.7,5.7h-11.5ZM1.9,1.9h12.6L1.9,14.5V1.9ZM1.9,30.1v-12.6l12.6,12.6H1.9ZM30.1,30.1h-12.6l12.6-12.6v12.6ZM17.5,1.9h12.6v12.6L17.5,1.9Z\"\/>\n<\/svg>                                            <\/div>\n                                            <div class=\"item-content\">\n                                                <div class=\"item-name h3\"> Exp\u00e9rience<\/div>\n                                                <p>Forts de nombreuses ann\u00e9es d'exp\u00e9rience et d'une profonde compr\u00e9hension du secteur, nous sommes parfaitement \u00e9quip\u00e9s pour mener \u00e0 bien vos projets.<\/p>\n                                            <\/div>\n                                        <\/div>\n                                                                                                                        <\/div>\n                <\/div>\n                \n            <\/div>\n\n        <\/div>\n\n    <\/div>\n\n<\/section>\n\n\n\n\n<section class=\"text-media-section section text-light section-height-full\">\n\n    <div class=\"section-inner sticky-parent\">\n\n        <div class=\"wrapper sticky-el\" data-sticky-top=\"50vh\">\n\n            <div class=\"grid-row\">\n\n                <div class=\"col-s12e24 pos-2 sm-pos-2\">\n                                                                                \n    <p class=\"h3\" aria-label=\"N\u2019h\u00e9sitez pas \u00e0 nous contacter, nous serons heureux de r\u00e9pondre \u00e0 toutes vos questions! \">\n                                                N\u2019h\u00e9sitez pas \u00e0 nous contacter, nous serons heureux de r\u00e9pondre \u00e0 toutes vos questions!                         <\/p>\n<p class=\"p-btn\">\n<a class=\"btn  btn-background\" href=\"https:\/\/www.tilesuite.lu\/fr\/contact\/\" target=\"\" >\n    <span class=\"btn-text\">\n        <span>Prendre contact<\/span>\n        <span>Prendre contact<\/span>\n    <\/span>\n        <span class=\"btn-icon\"><svg xmlns=\"http:\/\/www.w3.org\/2000\/svg\" version=\"1.1\" viewbox=\"0 0 180.8 180.6\" fill=\"currentColor\">\n  <polygon points=\"177.8 90.1 177.1 89.7 88 .7 88 26.7 142.5 81.2 2 81.2 2 99.6 142.3 99.6 88 152.1 88 178.2 177.8 90.4 177.6 90.2 177.8 90.1\"\/>\n<\/svg><\/span>\n    <\/a><\/p>                <\/div>\n\n                                <div class=\"col-s1e6 pos-1 sm-pos-1\">\n                                                                                <p><strong>Un projet en t\u00eate?<br \/>\nContactez-nous.<\/strong><\/p>\n                <\/div>\n                                \n            <\/div>\n\n        <\/div>\n\n    <\/div>\n\n    \n<div class=\"fs-bg fs-bg-1\">\n    \n    <div class=\"fs-bg-el has-overlay\">\n        <img src=\"https:\/\/www.tilesuite.lu\/wp-content\/uploads\/2024\/08\/P.AMB_.002038.webp\" srcset=\"https:\/\/www.tilesuite.lu\/wp-content\/uploads\/2024\/08\/P.AMB_.002038.webp 1680w, https:\/\/www.tilesuite.lu\/wp-content\/uploads\/2024\/08\/P.AMB_.002038-1440x1080.webp 1440w, https:\/\/www.tilesuite.lu\/wp-content\/uploads\/2024\/08\/P.AMB_.002038-1024x768.webp 1024w, https:\/\/www.tilesuite.lu\/wp-content\/uploads\/2024\/08\/P.AMB_.002038-768x576.webp 768w, https:\/\/www.tilesuite.lu\/wp-content\/uploads\/2024\/08\/P.AMB_.002038-512x384.webp 512w\"  width=\"1920\" height=\"1440\" alt=\"P.AMB.002038\" decoding=\"async\" loading=\"lazy\" >    <\/div>\n<\/div>\n\n<\/section>","protected":false},"excerpt":{"rendered":"","protected":false},"author":1,"featured_media":0,"parent":0,"menu_order":0,"comment_status":"closed","ping_status":"closed","template":"","meta":{"_acf_changed":false,"footnotes":""},"class_list":["post-111","page","type-page","status-publish","hentry"],"acf":[],"_links":{"self":[{"href":"https:\/\/www.tilesuite.lu\/fr\/wp-json\/wp\/v2\/pages\/111","targetHints":{"allow":["GET"]}}],"collection":[{"href":"https:\/\/www.tilesuite.lu\/fr\/wp-json\/wp\/v2\/pages"}],"about":[{"href":"https:\/\/www.tilesuite.lu\/fr\/wp-json\/wp\/v2\/types\/page"}],"author":[{"embeddable":true,"href":"https:\/\/www.tilesuite.lu\/fr\/wp-json\/wp\/v2\/users\/1"}],"replies":[{"embeddable":true,"href":"https:\/\/www.tilesuite.lu\/fr\/wp-json\/wp\/v2\/comments?post=111"}],"version-history":[{"count":97,"href":"https:\/\/www.tilesuite.lu\/fr\/wp-json\/wp\/v2\/pages\/111\/revisions"}],"predecessor-version":[{"id":923,"href":"https:\/\/www.tilesuite.lu\/fr\/wp-json\/wp\/v2\/pages\/111\/revisions\/923"}],"wp:attachment":[{"href":"https:\/\/www.tilesuite.lu\/fr\/wp-json\/wp\/v2\/media?parent=111"}],"curies":[{"name":"wp","href":"https:\/\/api.w.org\/{rel}","templated":true}]}}