{"id":113,"date":"2024-08-01T10:52:54","date_gmt":"2024-08-01T08:52:54","guid":{"rendered":"https:\/\/www.tilesuite.lu\/?page_id=113"},"modified":"2025-04-14T13:31:13","modified_gmt":"2025-04-14T11:31:13","slug":"produits","status":"publish","type":"page","link":"https:\/\/www.tilesuite.lu\/fr\/produits\/","title":{"rendered":"Produits"},"content":{"rendered":"<section class=\"hero-section section bottom-margin-mini\">\n\n    <div class=\"section-inner page-title\">\n\n        <div class=\"wrapper\">\n\n            <div class=\"grid-row justify-bottom\">\n                <div class=\"col-s1e8\">\n                    \n    <h1 class=\"h3\" aria-label=\"Produits\">\n                    <span class=\"word-lettering do-anim\">                            Produits            <\/span>            <\/h1>\n                <\/div>\n                <div class=\"col-s12e24 sm-margin-small\">\n                    \n    <h2 class=\"h3\" aria-label=\"D\u00e9couvrez notre gamme vari\u00e9e de mat\u00e9riaux de qualit\u00e9.\">\n                    <span class=\"word-lettering do-anim\">                            D\u00e9couvrez notre gamme vari\u00e9e de mat\u00e9riaux de qualit\u00e9.            <\/span>            <\/h2>\n                <\/div>\n            <\/div>\n\n        <\/div>\n\n    <\/div>\n\n    \n    \n    \n<\/section>\n\n\n\n\n<section class=\"cpt-section section\">\n\n    <div class=\"section-inner\">\n\n        <div class=\"wrapper-full\">\n\n            \n            \n                        <div class=\"grid-row grid-cpt grid-odd\" >\n                \n\t<div class=\"grid-item\" style=\"--item-index: 1;\">\n\t\t<a class=\"media-hover do-anim meta-hover\" href=\"https:\/\/www.tilesuite.lu\/fr\/produit\/carrelage\/\" data-switch-cursor=\"view\">\n\t\t\t<div class=\"media-container\">\n\t\t\t\t\n<div class=\"fs-media fs-media-ratio-8-5 do-anim\">\n    <div class=\"fs-media-item\">\n        <div class=\"fs-media-item-inner\">\n            <img src=\"https:\/\/www.tilesuite.lu\/wp-content\/uploads\/2024\/08\/boden-01.webp\" srcset=\"https:\/\/www.tilesuite.lu\/wp-content\/uploads\/2024\/08\/boden-01.webp 1024w, https:\/\/www.tilesuite.lu\/wp-content\/uploads\/2024\/08\/boden-01-768x996.webp 768w, https:\/\/www.tilesuite.lu\/wp-content\/uploads\/2024\/08\/boden-01-512x664.webp 512w\"  width=\"841\" height=\"1091\" alt=\"sol-01\" decoding=\"async\" loading=\"lazy\" >        <\/div>\n    <\/div>\n<\/div>\n\t\t\t<\/div>\n\n\t\t\t<div class=\"media-meta\">\n\t\t\t\t\n    <h3 class=\"h6 meta-title\" aria-label=\"Carreaux de sol\">\n        <strong>            <span class=\"word-lettering do-anim\">                            Carreaux de sol            <\/span>        <\/strong>    <\/h3>\n\t\t\t<\/div>\n\n\t\t\t<!--\n\t\t\t<div class=\"media-meta media-meta-hover\">\n\t\t\t\t\n    <h5 class=\"h4\" aria-label=\"Bodenfliesen\">\n        <strong>                        <span class=\"word-lettering do-activate\">                Bodenfliesen            <\/span>        <\/strong>    <\/h5>\n\t\t\t<\/div>\n\t\t\t-->\n\n\t\t<\/a>\n\t<\/div>\n\t<div class=\"grid-item\" style=\"--item-index: 2;\">\n\t\t<a class=\"media-hover do-anim meta-hover\" href=\"https:\/\/www.tilesuite.lu\/fr\/produit\/carrelage-xxl\/\" data-switch-cursor=\"view\">\n\t\t\t<div class=\"media-container\">\n\t\t\t\t\n<div class=\"fs-media fs-media-ratio-8-5 do-anim\">\n    <div class=\"fs-media-item\">\n        <div class=\"fs-media-item-inner\">\n            <img src=\"https:\/\/www.tilesuite.lu\/wp-content\/uploads\/2024\/08\/Showroom-Box_6.webp\" srcset=\"https:\/\/www.tilesuite.lu\/wp-content\/uploads\/2024\/08\/Showroom-Box_6.webp 1024w, https:\/\/www.tilesuite.lu\/wp-content\/uploads\/2024\/08\/Showroom-Box_6-768x1070.webp 768w, https:\/\/www.tilesuite.lu\/wp-content\/uploads\/2024\/08\/Showroom-Box_6-512x713.webp 512w\"  width=\"850\" height=\"1184\" alt=\"Showroom-Box_6\" decoding=\"async\" loading=\"lazy\" >        <\/div>\n    <\/div>\n<\/div>\n\t\t\t<\/div>\n\n\t\t\t<div class=\"media-meta\">\n\t\t\t\t\n    <h3 class=\"h6 meta-title\" aria-label=\"Carreaux XXL\">\n        <strong>            <span class=\"word-lettering do-anim\">                            Carreaux XXL            <\/span>        <\/strong>    <\/h3>\n\t\t\t<\/div>\n\n\t\t\t<!--\n\t\t\t<div class=\"media-meta media-meta-hover\">\n\t\t\t\t\n    <h5 class=\"h4\" aria-label=\"XXL-Fliesen\">\n        <strong>                        <span class=\"word-lettering do-activate\">                XXL-Fliesen            <\/span>        <\/strong>    <\/h5>\n\t\t\t<\/div>\n\t\t\t-->\n\n\t\t<\/a>\n\t<\/div>\n\t<div class=\"grid-item\" style=\"--item-index: 3;\">\n\t\t<a class=\"media-hover do-anim meta-hover\" href=\"https:\/\/www.tilesuite.lu\/fr\/produit\/carrelage-salle-de-bain\/\" data-switch-cursor=\"view\">\n\t\t\t<div class=\"media-container\">\n\t\t\t\t\n<div class=\"fs-media fs-media-ratio-8-5 do-anim\">\n    <div class=\"fs-media-item\">\n        <div class=\"fs-media-item-inner\">\n            <img src=\"https:\/\/www.tilesuite.lu\/wp-content\/uploads\/2024\/08\/bad-01-1024x1368.webp\" srcset=\"https:\/\/www.tilesuite.lu\/wp-content\/uploads\/2024\/08\/bad-01-1024x1368.webp 1024w, https:\/\/www.tilesuite.lu\/wp-content\/uploads\/2024\/08\/bad-01-768x1026.webp 768w, https:\/\/www.tilesuite.lu\/wp-content\/uploads\/2024\/08\/bad-01-512x684.webp 512w\"  width=\"1024\" height=\"1368\" alt=\"bad-01\" decoding=\"async\" loading=\"lazy\" >        <\/div>\n    <\/div>\n<\/div>\n\t\t\t<\/div>\n\n\t\t\t<div class=\"media-meta\">\n\t\t\t\t\n    <h3 class=\"h6 meta-title\" aria-label=\"Carreaux de salle de bain\">\n        <strong>            <span class=\"word-lettering do-anim\">                            Carreaux de salle de bain            <\/span>        <\/strong>    <\/h3>\n\t\t\t<\/div>\n\n\t\t\t<!--\n\t\t\t<div class=\"media-meta media-meta-hover\">\n\t\t\t\t\n    <h5 class=\"h4\" aria-label=\"Badfliesen\">\n        <strong>                        <span class=\"word-lettering do-activate\">                Badfliesen            <\/span>        <\/strong>    <\/h5>\n\t\t\t<\/div>\n\t\t\t-->\n\n\t\t<\/a>\n\t<\/div>\n\t<div class=\"grid-item\" style=\"--item-index: 4;\">\n\t\t<a class=\"media-hover do-anim meta-hover\" href=\"https:\/\/www.tilesuite.lu\/fr\/produit\/outdoor\/\" data-switch-cursor=\"view\">\n\t\t\t<div class=\"media-container\">\n\t\t\t\t\n<div class=\"fs-media fs-media-ratio-8-5 do-anim\">\n    <div class=\"fs-media-item\">\n        <div class=\"fs-media-item-inner\">\n            <img src=\"https:\/\/www.tilesuite.lu\/wp-content\/uploads\/2024\/08\/showroom-outdoor_3.webp\" srcset=\"https:\/\/www.tilesuite.lu\/wp-content\/uploads\/2024\/08\/showroom-outdoor_3.webp 1024w, https:\/\/www.tilesuite.lu\/wp-content\/uploads\/2024\/08\/showroom-outdoor_3.webp 768w, https:\/\/www.tilesuite.lu\/wp-content\/uploads\/2024\/08\/showroom-outdoor_3-512x714.webp 512w\"  width=\"574\" height=\"800\" alt=\"showroom-outdoor_3\" decoding=\"async\" loading=\"lazy\" >        <\/div>\n    <\/div>\n<\/div>\n\t\t\t<\/div>\n\n\t\t\t<div class=\"media-meta\">\n\t\t\t\t\n    <h3 class=\"h6 meta-title\" aria-label=\"En plein air\">\n        <strong>            <span class=\"word-lettering do-anim\">                            En plein air            <\/span>        <\/strong>    <\/h3>\n\t\t\t<\/div>\n\n\t\t\t<!--\n\t\t\t<div class=\"media-meta media-meta-hover\">\n\t\t\t\t\n    <h5 class=\"h4\" aria-label=\"Outdoor\">\n        <strong>                        <span class=\"word-lettering do-activate\">                Outdoor            <\/span>        <\/strong>    <\/h5>\n\t\t\t<\/div>\n\t\t\t-->\n\n\t\t<\/a>\n\t<\/div>\n\t<div class=\"grid-item\" style=\"--item-index: 5;\">\n\t\t<a class=\"media-hover do-anim meta-hover\" href=\"https:\/\/www.tilesuite.lu\/fr\/produit\/briques-de-parement\/\" data-switch-cursor=\"view\">\n\t\t\t<div class=\"media-container\">\n\t\t\t\t\n<div class=\"fs-media fs-media-ratio-8-5 do-anim\">\n    <div class=\"fs-media-item\">\n        <div class=\"fs-media-item-inner\">\n            <img src=\"https:\/\/www.tilesuite.lu\/wp-content\/uploads\/2024\/08\/47614_2400x1600_W2400xH0-1024x683.webp\" srcset=\"https:\/\/www.tilesuite.lu\/wp-content\/uploads\/2024\/08\/47614_2400x1600_W2400xH0-1024x683.webp 1024w, https:\/\/www.tilesuite.lu\/wp-content\/uploads\/2024\/08\/47614_2400x1600_W2400xH0-768x512.webp 768w, https:\/\/www.tilesuite.lu\/wp-content\/uploads\/2024\/08\/47614_2400x1600_W2400xH0-512x341.webp 512w\"  width=\"1024\" height=\"683\" alt=\"47614_2400x1600_W2400xH0\" decoding=\"async\" loading=\"lazy\" >        <\/div>\n    <\/div>\n<\/div>\n\t\t\t<\/div>\n\n\t\t\t<div class=\"media-meta\">\n\t\t\t\t\n    <h3 class=\"h6 meta-title\" aria-label=\"Briques de parement\">\n        <strong>            <span class=\"word-lettering do-anim\">                            Briques de parement            <\/span>        <\/strong>    <\/h3>\n\t\t\t<\/div>\n\n\t\t\t<!--\n\t\t\t<div class=\"media-meta media-meta-hover\">\n\t\t\t\t\n    <h5 class=\"h4\" aria-label=\"Klinkerriemchen\">\n        <strong>                        <span class=\"word-lettering do-activate\">                Klinkerriemchen            <\/span>        <\/strong>    <\/h5>\n\t\t\t<\/div>\n\t\t\t-->\n\n\t\t<\/a>\n\t<\/div>            <\/div> \n             \n\n            \n        <\/div>\n\n    <\/div>\n\n<\/section>\n\n\n\n\n<section class=\"text-media-section section text-light section-height-full\">\n\n    <div class=\"section-inner sticky-parent\">\n\n        <div class=\"wrapper sticky-el\" data-sticky-top=\"50vh\">\n\n            <div class=\"grid-row\">\n\n                <div class=\"col-s12e24 pos-2 sm-pos-2\">\n                                                                                \n    <p class=\"h3\" aria-label=\"N\u2019h\u00e9sitez pas \u00e0 nous contacter, nous serons heureux de r\u00e9pondre \u00e0 toutes vos questions! \">\n                                                N\u2019h\u00e9sitez pas \u00e0 nous contacter, nous serons heureux de r\u00e9pondre \u00e0 toutes vos questions!                         <\/p>\n<p class=\"p-btn\">\n<a class=\"btn  btn-background\" href=\"https:\/\/www.tilesuite.lu\/fr\/contact\/\" target=\"\" >\n    <span class=\"btn-text\">\n        <span>Prendre contact<\/span>\n        <span>Prendre contact<\/span>\n    <\/span>\n        <span class=\"btn-icon\"><svg xmlns=\"http:\/\/www.w3.org\/2000\/svg\" version=\"1.1\" viewbox=\"0 0 180.8 180.6\" fill=\"currentColor\">\n  <polygon points=\"177.8 90.1 177.1 89.7 88 .7 88 26.7 142.5 81.2 2 81.2 2 99.6 142.3 99.6 88 152.1 88 178.2 177.8 90.4 177.6 90.2 177.8 90.1\"\/>\n<\/svg><\/span>\n    <\/a><\/p>                <\/div>\n\n                                <div class=\"col-s1e6 pos-1 sm-pos-1\">\n                                                                                <p><strong>Un projet en t\u00eate?<br \/>\nContactez-nous.<\/strong><\/p>\n                <\/div>\n                                \n            <\/div>\n\n        <\/div>\n\n    <\/div>\n\n    \n<div class=\"fs-bg fs-bg-1\">\n    \n    <div class=\"fs-bg-el has-overlay\">\n        <img src=\"https:\/\/www.tilesuite.lu\/wp-content\/uploads\/2024\/08\/P.AMB_.002038.webp\" srcset=\"https:\/\/www.tilesuite.lu\/wp-content\/uploads\/2024\/08\/P.AMB_.002038.webp 1680w, https:\/\/www.tilesuite.lu\/wp-content\/uploads\/2024\/08\/P.AMB_.002038-1440x1080.webp 1440w, https:\/\/www.tilesuite.lu\/wp-content\/uploads\/2024\/08\/P.AMB_.002038-1024x768.webp 1024w, https:\/\/www.tilesuite.lu\/wp-content\/uploads\/2024\/08\/P.AMB_.002038-768x576.webp 768w, https:\/\/www.tilesuite.lu\/wp-content\/uploads\/2024\/08\/P.AMB_.002038-512x384.webp 512w\"  width=\"1920\" height=\"1440\" alt=\"P.AMB.002038\" decoding=\"async\" loading=\"lazy\" >    <\/div>\n<\/div>\n\n<\/section>","protected":false},"excerpt":{"rendered":"","protected":false},"author":1,"featured_media":0,"parent":0,"menu_order":0,"comment_status":"closed","ping_status":"closed","template":"","meta":{"_acf_changed":false,"footnotes":""},"class_list":["post-113","page","type-page","status-publish","hentry"],"acf":[],"_links":{"self":[{"href":"https:\/\/www.tilesuite.lu\/fr\/wp-json\/wp\/v2\/pages\/113","targetHints":{"allow":["GET"]}}],"collection":[{"href":"https:\/\/www.tilesuite.lu\/fr\/wp-json\/wp\/v2\/pages"}],"about":[{"href":"https:\/\/www.tilesuite.lu\/fr\/wp-json\/wp\/v2\/types\/page"}],"author":[{"embeddable":true,"href":"https:\/\/www.tilesuite.lu\/fr\/wp-json\/wp\/v2\/users\/1"}],"replies":[{"embeddable":true,"href":"https:\/\/www.tilesuite.lu\/fr\/wp-json\/wp\/v2\/comments?post=113"}],"version-history":[{"count":23,"href":"https:\/\/www.tilesuite.lu\/fr\/wp-json\/wp\/v2\/pages\/113\/revisions"}],"predecessor-version":[{"id":852,"href":"https:\/\/www.tilesuite.lu\/fr\/wp-json\/wp\/v2\/pages\/113\/revisions\/852"}],"wp:attachment":[{"href":"https:\/\/www.tilesuite.lu\/fr\/wp-json\/wp\/v2\/media?parent=113"}],"curies":[{"name":"wp","href":"https:\/\/api.w.org\/{rel}","templated":true}]}}