{"id":3,"date":"2024-02-18T23:12:45","date_gmt":"2024-02-18T22:12:45","guid":{"rendered":"https:\/\/www.tilesuite.lu\/?page_id=3"},"modified":"2025-06-09T17:28:38","modified_gmt":"2025-06-09T15:28:38","slug":"declaration-de-protection-des-donnees","status":"publish","type":"page","link":"https:\/\/www.tilesuite.lu\/fr\/declaration-de-protection-des-donnees\/","title":{"rendered":"D\u00e9claration de confidentialit\u00e9"},"content":{"rendered":"<section class=\"text-media-section section\">\n\n    <div class=\"section-inner\">\n\n        <div class=\"wrapper\" data-sticky-top=\"50vh\">\n\n            <div class=\"grid-row\">\n\n                <div class=\"col-s12e24 pos-2\">\n                                                                                \n    <h1 class=\"h2\" aria-label=\"D\u00e9claration de confidentialit\u00e9\">\n                                                D\u00e9claration de confidentialit\u00e9                        <\/h1>\n<h6><strong>Collecte et stockage des donn\u00e9es \u00e0 caract\u00e8re personnel<\/strong><\/h6>\n<p>Lorsque vous visitez notre site web, nous ne collectons que les donn\u00e9es personnelles que votre navigateur transmet \u00e0 notre serveur. Cela comprend<\/p>\n<ul>\n<li>Adresse IP<\/li>\n<li>date et heure de la demande<\/li>\n<li>Contenu de la demande (page concr\u00e8te)<\/li>\n<li>\u00c9tat de l'acc\u00e8s\/code d'\u00e9tat HTTP<\/li>\n<li>Type et version du navigateur<\/li>\n<li>Syst\u00e8me d'exploitation<\/li>\n<li>URL de r\u00e9f\u00e9rence (la page visit\u00e9e pr\u00e9c\u00e9demment)<\/li>\n<li>nom d'h\u00f4te de l'ordinateur qui acc\u00e8de au site<\/li>\n<\/ul>\n<p>Ces donn\u00e9es sont techniquement n\u00e9cessaires pour vous permettre d'afficher notre site web et d'en assurer la stabilit\u00e9 et la s\u00e9curit\u00e9.<\/p>\n<h6><strong>Cookies<\/strong><\/h6>\n<p>Notre site web utilise des cookies. Il s'agit de petits fichiers texte qui sont enregistr\u00e9s sur votre terminal. Certains cookies sont n\u00e9cessaires pour garantir la fonctionnalit\u00e9 du site web, d'autres servent \u00e0 analyser le comportement des utilisateurs. Vous pouvez \u00e0 tout moment emp\u00eacher l'installation de cookies dans les param\u00e8tres de votre navigateur ou supprimer les cookies d\u00e9j\u00e0 enregistr\u00e9s. Cela peut toutefois avoir pour cons\u00e9quence que certaines fonctions du site web soient limit\u00e9es ou indisponibles.<\/p>\n<h6><strong>Finalit\u00e9 du traitement des donn\u00e9es<\/strong><\/h6>\n<p>Nous traitons vos donn\u00e9es pour :<\/p>\n<ul>\n<li>assurer le bon fonctionnement du site web<\/li>\n<li>am\u00e9liorer la convivialit\u00e9 de notre site web,<\/li>\n<li>d'identifier les \u00e9ventuels dysfonctionnements et d'y rem\u00e9dier<\/li>\n<\/ul>\n<h6><strong>Transmission des donn\u00e9es<\/strong><\/h6>\n<p>Nous ne transmettons vos donn\u00e9es personnelles \u00e0 des tiers que si :<\/p>\n<ul>\n<li>vous avez donn\u00e9 votre consentement explicite \u00e0 cet effet (article 6, paragraphe 1, point a) du RGPD),<\/li>\n<li>si cela est autoris\u00e9 et n\u00e9cessaire par la loi (par exemple pour remplir des obligations contractuelles),<\/li>\n<li>nous sommes l\u00e9galement tenus de le faire<\/li>\n<\/ul>\n<h6><strong>Droits des personnes concern\u00e9es<\/strong><\/h6>\n<p>Vous avez le droit<\/p>\n<ul>\n<li>demander des informations sur les donn\u00e9es personnelles que nous traitons \u00e0 votre sujet<\/li>\n<li>d'exiger sans d\u00e9lai la rectification des donn\u00e9es personnelles inexactes ou leur compl\u00e9tude que nous avons enregistr\u00e9es,<\/li>\n<li>de demander la suppression des donn\u00e9es personnelles que nous d\u00e9tenons \u00e0 votre sujet,<\/li>\n<li>de demander la limitation du traitement de vos donn\u00e9es personnelles,<\/li>\n<li>de recevoir vos donn\u00e9es \u00e0 caract\u00e8re personnel dans un format structur\u00e9, couramment utilis\u00e9 et lisible par machine ou de demander leur transmission \u00e0 un autre responsable,<\/li>\n<li>de s'opposer au traitement.<\/li>\n<\/ul>\n<p>Pour exercer vos droits, veuillez vous adresser \u00e0 l'adresse de contact mentionn\u00e9e ci-dessus.<\/p>\n<h6><strong>S\u00e9curit\u00e9 des donn\u00e9es<\/strong><\/h6>\n<p>Nous mettons en \u0153uvre des mesures techniques et organisationnelles afin de prot\u00e9ger vos donn\u00e9es contre toute manipulation, perte ou acc\u00e8s non autoris\u00e9. Ces mesures sont r\u00e9guli\u00e8rement contr\u00f4l\u00e9es et adapt\u00e9es en fonction de l'\u00e9volution technologique.<\/p>\n<h6><strong>Modification de la d\u00e9claration de confidentialit\u00e9<\/strong><\/h6>\n<p>Nous nous r\u00e9servons le droit d'adapter cette d\u00e9claration de protection des donn\u00e9es afin de toujours r\u00e9pondre aux exigences l\u00e9gales actuelles ou de mettre en \u0153uvre des modifications de nos prestations.<\/p>\n                <\/div>\n\n                                \n            <\/div>\n\n        <\/div>\n\n    <\/div>\n\n    \n<\/section>","protected":false},"excerpt":{"rendered":"","protected":false},"author":1,"featured_media":0,"parent":0,"menu_order":0,"comment_status":"closed","ping_status":"open","template":"","meta":{"_acf_changed":false,"footnotes":""},"class_list":["post-3","page","type-page","status-publish","hentry"],"acf":[],"_links":{"self":[{"href":"https:\/\/www.tilesuite.lu\/fr\/wp-json\/wp\/v2\/pages\/3","targetHints":{"allow":["GET"]}}],"collection":[{"href":"https:\/\/www.tilesuite.lu\/fr\/wp-json\/wp\/v2\/pages"}],"about":[{"href":"https:\/\/www.tilesuite.lu\/fr\/wp-json\/wp\/v2\/types\/page"}],"author":[{"embeddable":true,"href":"https:\/\/www.tilesuite.lu\/fr\/wp-json\/wp\/v2\/users\/1"}],"replies":[{"embeddable":true,"href":"https:\/\/www.tilesuite.lu\/fr\/wp-json\/wp\/v2\/comments?post=3"}],"version-history":[{"count":17,"href":"https:\/\/www.tilesuite.lu\/fr\/wp-json\/wp\/v2\/pages\/3\/revisions"}],"predecessor-version":[{"id":934,"href":"https:\/\/www.tilesuite.lu\/fr\/wp-json\/wp\/v2\/pages\/3\/revisions\/934"}],"wp:attachment":[{"href":"https:\/\/www.tilesuite.lu\/fr\/wp-json\/wp\/v2\/media?parent=3"}],"curies":[{"name":"wp","href":"https:\/\/api.w.org\/{rel}","templated":true}]}}