{"id":808,"date":"2025-03-06T09:42:21","date_gmt":"2025-03-06T08:42:21","guid":{"rendered":"https:\/\/www.tilesuite.lu\/?page_id=808"},"modified":"2025-06-09T17:30:11","modified_gmt":"2025-06-09T15:30:11","slug":"mentions-legales","status":"publish","type":"page","link":"https:\/\/www.tilesuite.lu\/fr\/mentions-legales\/","title":{"rendered":"Mentions l\u00e9gales"},"content":{"rendered":"<section class=\"text-media-section section\">\n\n    <div class=\"section-inner\">\n\n        <div class=\"wrapper\" data-sticky-top=\"50vh\">\n\n            <div class=\"grid-row\">\n\n                <div class=\"col-s12e24 pos-2\">\n                                                                                \n    <h1 class=\"h2\" aria-label=\"Mentions l\u00e9gales\">\n                                                Mentions l\u00e9gales                        <\/h1>\n<h5><strong>Responsable des pages et du contenu de ce site Internet :<\/strong><\/h5>\n<p>Tilesuite<br \/>\n19 Duarrefstrooss<br \/>\n9990 Weiswampach<br \/>\nLuxembourg<\/p>\n<p>E-mail : mariana[a]pcf.lu<\/p>\n<h5 class=\"wp-block-heading\"><strong>H\u00e9bergement web \/ centre de donn\u00e9es<\/strong><\/h5>\n<p><strong>Ionos<br \/>\n<\/strong><span class=\"BxUVEf ILfuVd\" lang=\"de\"><span class=\"hgKElc\">Rue d'Elgendorf 57,<br \/>\n<\/span><\/span><span class=\"BxUVEf ILfuVd\" lang=\"de\"><span class=\"hgKElc\"> 56410 Montabaur<br \/>\n<\/span><\/span>Allemagne<\/p>\n<h5><strong>Copyright<\/strong><\/h5>\n<p>Tous les contenus de ce site web (donn\u00e9es, illustrations, images, graphiques, logos, descriptions de produits, etc.) sont prot\u00e9g\u00e9s par des droits d'auteur. Tous les noms de soci\u00e9t\u00e9s et de marques indiqu\u00e9s, ainsi que leurs marques d\u00e9pos\u00e9es, sont la propri\u00e9t\u00e9 de leurs propri\u00e9taires et servent uniquement \u00e0 l'identification et \u00e0 la description des produits.<\/p>\n<h5><strong>Avis de responsabilit\u00e9<\/strong><\/h5>\n<p>Toutes les informations contenues dans ce site ont fait l'objet de recherches approfondies. Toutefois, l'\u00e9diteur n'est pas responsable de l'exactitude des informations mentionn\u00e9es. Malgr\u00e9 un contr\u00f4le minutieux du contenu, nous n'assumons aucune responsabilit\u00e9 pour le contenu des liens externes. Seuls les exploitants de ces sites sont responsables de leur contenu. Si vous remarquez des erreurs ou des informations erron\u00e9es sur ce site, veuillez nous en faire part par \u00e9crit.<\/p>\n                <\/div>\n\n                                \n            <\/div>\n\n        <\/div>\n\n    <\/div>\n\n    \n<\/section>","protected":false},"excerpt":{"rendered":"","protected":false},"author":1,"featured_media":0,"parent":0,"menu_order":0,"comment_status":"closed","ping_status":"open","template":"","meta":{"_acf_changed":false,"footnotes":""},"class_list":["post-808","page","type-page","status-publish","hentry"],"acf":[],"_links":{"self":[{"href":"https:\/\/www.tilesuite.lu\/fr\/wp-json\/wp\/v2\/pages\/808","targetHints":{"allow":["GET"]}}],"collection":[{"href":"https:\/\/www.tilesuite.lu\/fr\/wp-json\/wp\/v2\/pages"}],"about":[{"href":"https:\/\/www.tilesuite.lu\/fr\/wp-json\/wp\/v2\/types\/page"}],"author":[{"embeddable":true,"href":"https:\/\/www.tilesuite.lu\/fr\/wp-json\/wp\/v2\/users\/1"}],"replies":[{"embeddable":true,"href":"https:\/\/www.tilesuite.lu\/fr\/wp-json\/wp\/v2\/comments?post=808"}],"version-history":[{"count":5,"href":"https:\/\/www.tilesuite.lu\/fr\/wp-json\/wp\/v2\/pages\/808\/revisions"}],"predecessor-version":[{"id":937,"href":"https:\/\/www.tilesuite.lu\/fr\/wp-json\/wp\/v2\/pages\/808\/revisions\/937"}],"wp:attachment":[{"href":"https:\/\/www.tilesuite.lu\/fr\/wp-json\/wp\/v2\/media?parent=808"}],"curies":[{"name":"wp","href":"https:\/\/api.w.org\/{rel}","templated":true}]}}