{"id":165,"date":"2024-08-20T09:42:36","date_gmt":"2024-08-20T07:42:36","guid":{"rendered":"https:\/\/www.tilesuite.lu\/?post_type=product&#038;p=165"},"modified":"2025-06-09T15:52:15","modified_gmt":"2025-06-09T13:52:15","slug":"carrelage","status":"publish","type":"product","link":"https:\/\/www.tilesuite.lu\/fr\/produit\/carrelage\/","title":{"rendered":"Carreaux de sol"},"content":{"rendered":"<section class=\"hero-section section\">\n\n    <div class=\"section-inner page-title\">\n\n        <div class=\"wrapper\">\n\n            <div class=\"grid-row justify-bottom\">\n                <div class=\"col-s1e8\">\n                    \n    <h1 class=\"h3\" aria-label=\"Carreaux de sol\">\n                    <span class=\"word-lettering do-anim\">                            Carreaux de sol            <\/span>            <\/h1>\n                <\/div>\n                <div class=\"col-s12e24 sm-margin-small\">\n                    \n    <p class=\"h3\" aria-label=\"L&#039;alliance parfaite de la fonctionnalit\u00e9 et du design pour votre maison\">\n                    <span class=\"word-lettering do-anim\">                            L'alliance parfaite de la fonctionnalit\u00e9 et du design pour votre maison            <\/span>            <\/p>\n                <\/div>\n            <\/div>\n\n        <\/div>\n\n    <\/div>\n\n    \n        <div class=\"page-title-image\">\n        \n<div class=\"fs-bg fs-bg-1\">\n    \n    <div class=\"fs-bg-el\">\n        <img src=\"https:\/\/www.tilesuite.lu\/wp-content\/uploads\/2024\/08\/fliesen-02.webp\" srcset=\"https:\/\/www.tilesuite.lu\/wp-content\/uploads\/2024\/08\/fliesen-02.webp 1680w, https:\/\/www.tilesuite.lu\/wp-content\/uploads\/2024\/08\/fliesen-02-1440x960.webp 1440w, https:\/\/www.tilesuite.lu\/wp-content\/uploads\/2024\/08\/fliesen-02-1024x683.webp 1024w, https:\/\/www.tilesuite.lu\/wp-content\/uploads\/2024\/08\/fliesen-02-768x512.webp 768w, https:\/\/www.tilesuite.lu\/wp-content\/uploads\/2024\/08\/fliesen-02-512x341.webp 512w\"  width=\"1636\" height=\"1091\" alt=\"carreaux-02\" decoding=\"async\" loading=\"lazy\" >    <\/div>\n<\/div>\n    <\/div>\n    \n    \n<\/section>\n\n\n\n\n<section class=\"text-media-section section\">\n\n    <div class=\"section-inner\">\n\n        <div class=\"wrapper\" data-sticky-top=\"50vh\">\n\n            <div class=\"grid-row\">\n\n                <div class=\"col-s12e24 pos-2\">\n                                                                                \n    <h2 class=\"h6\" aria-label=\"Carreaux de sol - diversit\u00e9 de style et d&#039;aspect\">\n        <strong>                                        Carreaux de sol - diversit\u00e9 de style et d'aspect                    <\/strong>    <\/h2>\n<p>Le monde du carrelage offre d'innombrables possibilit\u00e9s de personnaliser vos pi\u00e8ces. En effet, les carreaux sont non seulement tr\u00e8s fonctionnels, robustes et faciles \u00e0 entretenir, mais ils constituent \u00e9galement un \u00e9l\u00e9ment de d\u00e9coration important qui peut avoir une influence consid\u00e9rable sur l'effet de votre maison. Qu'il s'agisse de carreaux modernes, naturels ou classiques \u00e9l\u00e9gants, de pierres naturelles ou de carreaux \u00e0 l'aspect bois, vous pouvez choisir parmi une multitude de styles et de surfaces en fonction de vos go\u00fbts personnels et de votre conception de l'espace et conf\u00e9rer ainsi \u00e0 la pi\u00e8ce l'atmosph\u00e8re souhait\u00e9e.<\/p>\n\n    <h3 class=\"h6\" aria-label=\"Carreaux imitation pierre naturelle\">\n        <strong>                                        Carreaux imitation pierre naturelle                    <\/strong>    <\/h3>\n<p>Les carreaux \u00e0 l'aspect pierre naturelle sont synonymes d'\u00e9l\u00e9gance intemporelle et apportent la beaut\u00e9 de la nature dans votre int\u00e9rieur. Les carreaux de sol \u00e0 l'aspect marbre, ardoise ou granit s\u00e9duisent par leur aspect noble et leurs structures organiques. Les carreaux imitant les sols en pierre naturelle sont parfaits pour les espaces de vie o\u00f9 l'on souhaite un look luxueux mais naturel. Les carreaux imitant la pierre naturelle conf\u00e8rent \u00e0 votre pi\u00e8ce non seulement un aspect haut de gamme, mais aussi une surface robuste et durable qui n\u00e9cessite beaucoup moins d'entretien que les v\u00e9ritables carreaux en pierre naturelle, comme les carreaux en travertin.<\/p>\n\n    <h3 class=\"h6\" aria-label=\"Carreaux de ciment\">\n        <strong>                                        Carreaux de ciment                    <\/strong>    <\/h3>\n<p>Les carreaux de ciment, ou les carreaux d'aspect ciment, constituent \u00e0 leur tour le choix id\u00e9al pour les amateurs de design moderne et industriel. Enfin, les carreaux de sol offrent un charme minimaliste et urbain qui est particuli\u00e8rement bien mis en valeur dans les concepts d'espaces ouverts. Les carreaux de ciment, \u00e9galement appel\u00e9s carreaux de b\u00e9ton, se distinguent avant tout par leur surface mate et sobre, qui peut se d\u00e9cliner dans des nuances de gris \u00e0 anthracite. En tant que carreaux de sol, ils cr\u00e9ent une ambiance contemporaine qui peut avoir un effet styl\u00e9 dans les pi\u00e8ces d'habitation et les bureaux. Qu'il s'agisse d'un rev\u00eatement de sol continu ou d'une touche de caract\u00e8re dans la cuisine ou la salle de bains, les carreaux individuels ne posent pratiquement aucune limite \u00e0 vos id\u00e9es et \u00e0 vos conceptions. Un point fort particulier : <a href=\"https:\/\/www.tilesuite.lu\/fr\/produit\/carrelage-xxl\/\">Carreaux de grand format<\/a> au format XXL, dont l'aspect sans jointures est une v\u00e9ritable d\u00e9claration.<\/p>\n\n    <h2 class=\"h6\" aria-label=\"Carreaux imitation bois\">\n        <strong>                                        Carreaux imitation bois                    <\/strong>    <\/h2>\n<p>Les carreaux imitation bois sont parfaits lorsqu'il s'agit de cr\u00e9er une sensation de confort et de naturel dans une pi\u00e8ce. Les carreaux combinent le meilleur de deux mondes : l'aspect chaleureux et accueillant du bois v\u00e9ritable et la surface robuste et facile d'entretien des carreaux de sol. Les carreaux \u00e0 l'aspect bois sont particuli\u00e8rement appr\u00e9ci\u00e9s dans les zones o\u00f9 un sol en bois serait trop fragile, par exemple dans la cuisine et la salle de bains. Les veines authentiques du bois cr\u00e9ent une atmosph\u00e8re chaleureuse - et ce, sans entretien co\u00fbteux. Ce n'est pas pour rien que vous trouverez dans notre showroom de Weiswampach une multitude de carreaux imitation bois dans diff\u00e9rents formats et de nombreux designs.<\/p>\n                <\/div>\n\n                                <div class=\"col-s1e6 pos-1\">\n                                                                                <p><strong>\u00c9l\u00e9gance intemporelle, sobri\u00e9t\u00e9 moderne ou accents naturels : Les carreaux permettent de cr\u00e9er des univers de design uniques qui s\u00e9duisent tant sur le plan esth\u00e9tique que fonctionnel.<\/strong><\/p>\n\n<div class=\"fs-media fs-media-ratio-1-1 do-anim\">\n    <div class=\"fs-media-item\">\n        <div class=\"fs-media-item-inner\">\n            <img src=\"https:\/\/www.tilesuite.lu\/wp-content\/uploads\/2024\/09\/Lagos-512x471.webp\" srcset=\"https:\/\/www.tilesuite.lu\/wp-content\/uploads\/2024\/09\/Lagos-512x471.webp 512w\"  width=\"512\" height=\"471\" alt=\"Lagos\" decoding=\"async\" loading=\"lazy\" >        <\/div>\n    <\/div>\n<\/div>\n                <\/div>\n                                \n            <\/div>\n\n        <\/div>\n\n    <\/div>\n\n    \n<\/section>\n\n\n\n\n<section class=\"image-row-section section\">\n\n    <div class=\"section-inner\">\n\n        <div class=\"wrapper-full\">\n\n            <div class=\"grid-row grid-gallery grid-odd\">\n                    <div class=\"grid-item\">\n                        \n<div class=\"fs-media fs-media-ratio-1-1\">\n    <div class=\"fs-media-item\">\n        <div class=\"fs-media-item-inner\">\n            <img src=\"https:\/\/www.tilesuite.lu\/wp-content\/uploads\/2024\/08\/HB-4-768x512.webp\" srcset=\"https:\/\/www.tilesuite.lu\/wp-content\/uploads\/2024\/08\/HB-4-768x512.webp 768w, https:\/\/www.tilesuite.lu\/wp-content\/uploads\/2024\/08\/HB-4-512x341.webp 512w\"  width=\"768\" height=\"512\" alt=\"HB 4\" decoding=\"async\" loading=\"lazy\" >        <\/div>\n    <\/div>\n<\/div>\n                    <\/div>\n                    <div class=\"grid-item\">\n                        \n<div class=\"fs-media fs-media-ratio-1-1\">\n    <div class=\"fs-media-item\">\n        <div class=\"fs-media-item-inner\">\n            <img src=\"https:\/\/www.tilesuite.lu\/wp-content\/uploads\/2024\/07\/Versatilie-Vein-1024x683.jpeg\" srcset=\"https:\/\/www.tilesuite.lu\/wp-content\/uploads\/2024\/07\/Versatilie-Vein-1024x683.jpeg 1024w, https:\/\/www.tilesuite.lu\/wp-content\/uploads\/2024\/07\/Versatilie-Vein-768x512.jpeg 768w, https:\/\/www.tilesuite.lu\/wp-content\/uploads\/2024\/07\/Versatilie-Vein-512x341.jpeg 512w\"  width=\"1024\" height=\"683\" alt=\"Versatilie Vein\" decoding=\"async\" loading=\"lazy\" >        <\/div>\n    <\/div>\n<\/div>\n                    <\/div>\n            <\/div>\n\n        <\/div>\n\n    <\/div>\n\n<\/section>\n\n\n\n\n\n<section class=\"text-media-section section bottom-margin-small\">\n\n    <div class=\"section-inner\">\n\n        <div class=\"wrapper\" data-sticky-top=\"50vh\">\n\n            <div class=\"grid-row\">\n\n                <div class=\"col-s12e24 pos-2\">\n                                                                                \n    <h2 class=\"h6\" aria-label=\"Les carreaux de sol offrent de nombreux avantages&lt;br \/&gt;\">\n        <strong>                                        Les carreaux de sol offrent de nombreux avantages<br \/>\r\n                    <\/strong>    <\/h2>\n<p>Qu'il s'agisse d'un carrelage de cuisine ou d'un carrelage de sol dans l'entr\u00e9e, le salon ou la salle de bain \u00e0 domicile, les carreaux en gr\u00e8s c\u00e9rame jouissent d'une grande popularit\u00e9 pour de bonnes raisons et allient des designs individuels \u00e0 une surface durable qui, dans la plupart des cas, est particuli\u00e8rement facile \u00e0 nettoyer et \u00e0 entretenir.<\/p>\n\n    <h3 class=\"h6\" aria-label=\"Les carreaux de sol ont une longue dur&eacute;e de vie&lt;br \/&gt;\">\n        <strong>                                        Les carreaux de sol ont une longue dur\u00e9e de vie<br \/>\r\n                    <\/strong>    <\/h3>\n<p>Qu'il s'agisse de carreaux \u00e0 l'aspect pierre naturelle ou de carreaux \u00e0 l'aspect bois, qu'ils soient classiques ou modernes, les carreaux de sol ne convainquent pas seulement par la diversit\u00e9 de leur design, mais aussi par leur robustesse et leur long\u00e9vit\u00e9. Il n'est pas rare que les carreaux durent des g\u00e9n\u00e9rations et qu'ils ne doivent pas \u00eatre remplac\u00e9s rapidement s'ils sont pos\u00e9s par un professionnel. Les carreaux de sol peuvent \u00e9galement \u00eatre pos\u00e9s sur un chauffage au sol.<\/p>\n\n    <h3 class=\"h6\" aria-label=\"Les carreaux de sol peuvent \u00eatre pos\u00e9s partout\">\n        <strong>                                        Les carreaux de sol peuvent \u00eatre pos\u00e9s partout                    <\/strong>    <\/h3>\n<p>Que ce soit comme carreau de cuisine ou <a href=\"https:\/\/www.tilesuite.lu\/fr\/produit\/carrelage-salle-de-bain\/\">Carreau de salle de bain<\/a>que ce soit dans le salon ou m\u00eame dans <a href=\"https:\/\/www.tilesuite.lu\/fr\/produit\/outdoor\/\">Espace ext\u00e9rieur<\/a> - gr\u00e2ce \u00e0 leur surface r\u00e9sistante et solide, les carreaux en gr\u00e8s c\u00e9rame peuvent \u00eatre pos\u00e9s dans presque toutes les pi\u00e8ces et sont faciles \u00e0 nettoyer. M\u00eame les zones fortement sollicit\u00e9es ne peuvent g\u00e9n\u00e9ralement pas endommager les carreaux de sol. De plus, ils sont r\u00e9sistants aux rayures, \u00e0 l'humidit\u00e9 et \u00e0 la chaleur.<\/p>\n\n    <h2 class=\"h6\" aria-label=\"Investissez dans la valeur de votre maison avec des carreaux de sol&lt;br \/&gt;\">\n        <strong>                                        Investissez dans la valeur de votre maison avec des carreaux de sol<br \/>\r\n                    <\/strong>    <\/h2>\n<p>Vous n'\u00eates pas encore s\u00fbr de vouloir acheter du carrelage pour votre maison ? Venez visiter notre showroom \u00e0 Weiswampach et demandez \u00e0 nos experts de vous conseiller sur les avantages et les possibilit\u00e9s des carreaux de sol modernes. Quel que soit le style que vous choisissez, le carrelage est toujours un investissement dans la valeur et le confort de votre maison. Outre nos prestations de conseil et de planification, nous vous proposons \u00e9galement, si vous le souhaitez, toute une s\u00e9rie d'autres services, dont par exemple la pose professionnelle des carreaux choisis.<\/p>\n                <\/div>\n\n                                \n            <\/div>\n\n        <\/div>\n\n    <\/div>\n\n    \n<\/section>","protected":false},"featured_media":472,"parent":0,"template":"","class_list":["post-165","product","type-product","status-publish","has-post-thumbnail","hentry"],"acf":[],"_links":{"self":[{"href":"https:\/\/www.tilesuite.lu\/fr\/wp-json\/wp\/v2\/product\/165","targetHints":{"allow":["GET"]}}],"collection":[{"href":"https:\/\/www.tilesuite.lu\/fr\/wp-json\/wp\/v2\/product"}],"about":[{"href":"https:\/\/www.tilesuite.lu\/fr\/wp-json\/wp\/v2\/types\/product"}],"wp:featuredmedia":[{"embeddable":true,"href":"https:\/\/www.tilesuite.lu\/fr\/wp-json\/wp\/v2\/media\/472"}],"wp:attachment":[{"href":"https:\/\/www.tilesuite.lu\/fr\/wp-json\/wp\/v2\/media?parent=165"}],"curies":[{"name":"wp","href":"https:\/\/api.w.org\/{rel}","templated":true}]}}