{"id":166,"date":"2024-08-19T09:42:57","date_gmt":"2024-08-19T07:42:57","guid":{"rendered":"https:\/\/www.tilesuite.lu\/?post_type=product&#038;p=166"},"modified":"2025-06-09T23:08:03","modified_gmt":"2025-06-09T21:08:03","slug":"carrelage-xxl","status":"publish","type":"product","link":"https:\/\/www.tilesuite.lu\/fr\/produit\/carrelage-xxl\/","title":{"rendered":"Carreaux XXL"},"content":{"rendered":"<section class=\"hero-section section\">\n\n    <div class=\"section-inner page-title\">\n\n        <div class=\"wrapper\">\n\n            <div class=\"grid-row justify-bottom\">\n                <div class=\"col-s1e8\">\n                    \n    <h1 class=\"h3\" aria-label=\"Grands carreaux \">\n                    <span class=\"word-lettering do-anim\">                            Grands carreaux             <\/span>            <\/h1>\n                <\/div>\n                <div class=\"col-s12e24 sm-margin-small\">\n                    \n    <p class=\"h3\" aria-label=\"Diversit&eacute; de design sans joints &lt;br \/&gt;au format XXL&lt;br \/&gt;\">\n                    <span class=\"word-lettering do-anim\">                            Diversit\u00e9 de design sans joints <br \/>\r\nau format XXL<br \/>\r\n            <\/span>            <\/p>\n                <\/div>\n            <\/div>\n\n        <\/div>\n\n    <\/div>\n\n    \n        <div class=\"page-title-image\">\n        \n<div class=\"fs-bg fs-bg-1\">\n    \n    <div class=\"fs-bg-el\">\n        <img src=\"https:\/\/www.tilesuite.lu\/wp-content\/uploads\/2024\/08\/Bildschirmfoto-2024-07-15-um-15.35.33-Kopie-1920x1440.webp\" srcset=\"https:\/\/www.tilesuite.lu\/wp-content\/uploads\/2024\/08\/Bildschirmfoto-2024-07-15-um-15.35.33-Kopie-1920x1440.webp 1680w, https:\/\/www.tilesuite.lu\/wp-content\/uploads\/2024\/08\/Bildschirmfoto-2024-07-15-um-15.35.33-Kopie-1440x1080.webp 1440w, https:\/\/www.tilesuite.lu\/wp-content\/uploads\/2024\/08\/Bildschirmfoto-2024-07-15-um-15.35.33-Kopie-1024x768.webp 1024w, https:\/\/www.tilesuite.lu\/wp-content\/uploads\/2024\/08\/Bildschirmfoto-2024-07-15-um-15.35.33-Kopie-768x576.webp 768w, https:\/\/www.tilesuite.lu\/wp-content\/uploads\/2024\/08\/Bildschirmfoto-2024-07-15-um-15.35.33-Kopie-512x384.webp 512w\"  width=\"1920\" height=\"1440\" alt=\"Capture d&#039;\u00e9cran 2024-07-15 \u00e0 15.35.33 Copie\" decoding=\"async\" loading=\"lazy\" >    <\/div>\n<\/div>\n    <\/div>\n    \n    \n<\/section>\n\n\n\n\n<section class=\"text-media-section section\">\n\n    <div class=\"section-inner\">\n\n        <div class=\"wrapper\" data-sticky-top=\"50vh\">\n\n            <div class=\"grid-row\">\n\n                <div class=\"col-s12e24 pos-2\">\n                                                                                \n    <h2 class=\"h6\" aria-label=\"Des carreaux de grand format comme &eacute;l&eacute;ment de design&lt;br \/&gt;\">\n        <strong>                                        Des carreaux de grand format comme \u00e9l\u00e9ment de design<br \/>\r\n                    <\/strong>    <\/h2>\n<p>Que ce soit pour le salon, la salle de bains, la cuisine ou m\u00eame l'ext\u00e9rieur, pour le sol ou le mur : les grands carreaux au format XXL font une v\u00e9ritable d\u00e9claration et t\u00e9moignent d'un sens du style et de l'exclusivit\u00e9. Ils sont l'expression d'une culture de l'habitat moderne et, avec leur look \u00e9pur\u00e9, le choix parfait pour tous ceux qui attachent de l'importance \u00e0 l'esth\u00e9tique, \u00e0 la qualit\u00e9 et au confort. Et en termes de confort, les carreaux grand format convainquent \u00e9galement sur toute la ligne. Fini le temps o\u00f9 il fallait encore frotter les joints dans la douche. En tant qu'experts en carrelage de Weiswampach, nous nous sommes particuli\u00e8rement sp\u00e9cialis\u00e9s dans les carreaux c\u00e9ramiques XXL et leur pose. Les carreaux d'aspect marbre pos\u00e9s \u00e0 hauteur de pi\u00e8ce sont particuli\u00e8rement appr\u00e9ci\u00e9s, car les veines du mat\u00e9riau naturel sont ainsi mises en valeur de mani\u00e8re encore plus belle et sur une plus grande surface. Mais nous proposons \u00e9galement des carreaux de grand format avec d'autres d\u00e9cors dans des versions vari\u00e9es - pour une sensation d'espace sans pareil.<\/p>\n\n    <h3 class=\"h6\" aria-label=\"Les carreaux XXL offrent de nouvelles possibilit&eacute;s dans l&#039;am&eacute;nagement de l&#039;espace&lt;br \/&gt;\">\n        <strong>                                        Les carreaux XXL offrent de nouvelles possibilit\u00e9s dans l'am\u00e9nagement de l'espace<br \/>\r\n                    <\/strong>    <\/h3>\n<p>Les carreaux grand format ont un effet tr\u00e8s particulier sur une pi\u00e8ce, qu'il s'agisse d'un grand carreau dans la salle de bain ou d'un carreau mural grand format. Gr\u00e2ce \u00e0 leurs dimensions g\u00e9n\u00e9reuses, qui peuvent aller de 120 x 120 cm \u00e0 100 x 200 cm et plus, les carreaux XXL cr\u00e9ent une image d'ensemble calme et harmonieuse avec pas ou tr\u00e8s peu de joints, de sorte que les sols et les murs semblent presque sans raccord. La pi\u00e8ce para\u00eet ainsi plus grande qu'elle ne l'est en r\u00e9alit\u00e9. Dans les petites salles de bains, la pose de grands carreaux peut donc faire des merveilles et am\u00e9liorer durablement l'effet de la pi\u00e8ce. La petite surface donne l'impression d'\u00eatre <a href=\"https:\/\/www.tilesuite.lu\/fr\/produit\/carrelage-salle-de-bain\/\">Carreaux de salle de bain<\/a> plus ordonn\u00e9, plus ouvert et plus structur\u00e9. Les couleurs claires ou l'aspect pierre naturelle soulignent encore cet effet et cr\u00e9ent des concepts d'espace minimalistes et \u00e9l\u00e9gants qui ne perdent pas de leur beaut\u00e9, m\u00eame apr\u00e8s des ann\u00e9es.<\/p>\n\n    <h3 class=\"h6\" aria-label=\"Du b&eacute;ton au marbre - des carreaux XXL aux designs vari&eacute;s&lt;br \/&gt;\">\n        <strong>                                        Du b\u00e9ton au marbre - des carreaux XXL aux designs vari\u00e9s<br \/>\r\n                    <\/strong>    <\/h3>\n<p>Les carreaux de grand format sont devenus incontournables dans le design d'int\u00e9rieur moderne. Apr\u00e8s tout, gr\u00e2ce aux proc\u00e9d\u00e9s de fabrication modernes, les carreaux XXL sont disponibles dans d'innombrables designs. Que ce soit le look b\u00e9ton, l'aspect marbre, le design bois ou le style industriel, il existe des carreaux grand format pour tous les go\u00fbts. Les carreaux XXL ne sont pas seulement mis en valeur au sol, ils sont aussi de plus en plus souvent pos\u00e9s au mur. Dans la douche, par exemple, les grands carreaux cr\u00e9ent un design avec peu de joints et donc particuli\u00e8rement facile \u00e0 nettoyer.<\/p>\n\n    <h3 class=\"h6\" aria-label=\"De grands carreaux avec des surfaces innovantes&lt;br \/&gt;\">\n        <strong>                                        De grands carreaux avec des surfaces innovantes<br \/>\r\n                    <\/strong>    <\/h3>\n<p>Le tout dernier proc\u00e9d\u00e9 de production de carreaux XXL s\u00e9duit par une finition de surface telle que nous la connaissons d\u00e9j\u00e0 avec les pierres naturelles. Les haptiques d\u00e9j\u00e0 connues comme le mat, le brillant ou le satin\u00e9 sont d\u00e9sormais compl\u00e9t\u00e9es par des surfaces structur\u00e9es. Lors de la production, des cam\u00e9ras veillent \u00e0 ce que la structure soit parfaitement adapt\u00e9e \u00e0 l'aspect visuel. Ce proc\u00e9d\u00e9 rend les dalles encore plus naturelles, de sorte que les carreaux attirent l'attention dans chaque pi\u00e8ce.<\/p>\n                <\/div>\n\n                                <div class=\"col-s1e6 pos-1\">\n                                                                                <p><strong>Les grands carreaux sont \u00e0 la mode. Et ce n'est pas sans raison, car les carreaux XXL allient une esth\u00e9tique moderne sans joints \u00e0 des avantages pratiques et \u00e0 de nouvelles possibilit\u00e9s d'am\u00e9nagement de l'espace.<\/strong><\/p>\n\n<div class=\"fs-media fs-media-ratio-1-1 do-anim\">\n    <div class=\"fs-media-item\">\n        <div class=\"fs-media-item-inner\">\n            <img src=\"https:\/\/www.tilesuite.lu\/wp-content\/uploads\/2024\/08\/Bildschirmfoto-2024-07-15-um-15.36.10-Kopie-512x683.webp\" srcset=\"https:\/\/www.tilesuite.lu\/wp-content\/uploads\/2024\/08\/Bildschirmfoto-2024-07-15-um-15.36.10-Kopie-512x683.webp 512w\"  width=\"512\" height=\"683\" alt=\"Capture d&#039;\u00e9cran 2024-07-15 \u00e0 15.36.10 Copie\" decoding=\"async\" loading=\"lazy\" >        <\/div>\n    <\/div>\n<\/div>\n                <\/div>\n                                \n            <\/div>\n\n        <\/div>\n\n    <\/div>\n\n    \n<\/section>\n\n\n\n\n<section class=\"gallery-section section\">\n    <div class=\"section-inner\">\n        <div class=\"wrapper-full\">\n            \n\n\n    <div class=\"grid-row grid-gallery grid-odd\">\n                    <div class=\"grid-item\">\n                \n<div class=\"fs-media fs-media-ratio-1-1\">\n    <div class=\"fs-media-item\">\n        <div class=\"fs-media-item-inner\">\n            <img src=\"https:\/\/www.tilesuite.lu\/wp-content\/uploads\/2024\/08\/Bildschirmfoto-2024-07-15-um-15.40.34-Kopie-1024x1368.webp\" srcset=\"https:\/\/www.tilesuite.lu\/wp-content\/uploads\/2024\/08\/Bildschirmfoto-2024-07-15-um-15.40.34-Kopie-1024x1368.webp 1024w, https:\/\/www.tilesuite.lu\/wp-content\/uploads\/2024\/08\/Bildschirmfoto-2024-07-15-um-15.40.34-Kopie-768x1026.webp 768w, https:\/\/www.tilesuite.lu\/wp-content\/uploads\/2024\/08\/Bildschirmfoto-2024-07-15-um-15.40.34-Kopie-512x684.webp 512w\"  width=\"1024\" height=\"1368\" alt=\"Capture d&#039;\u00e9cran 2024-07-15 \u00e0 15.40.34 Copie\" decoding=\"async\" loading=\"lazy\" >        <\/div>\n    <\/div>\n<\/div>\n            <\/div>\n                    <div class=\"grid-item\">\n                \n<div class=\"fs-media fs-media-ratio-1-1\">\n    <div class=\"fs-media-item\">\n        <div class=\"fs-media-item-inner\">\n            <img src=\"https:\/\/www.tilesuite.lu\/wp-content\/uploads\/2024\/08\/Bildschirmfoto-2024-07-15-um-15.39.30-Kopie-1024x768.webp\" srcset=\"https:\/\/www.tilesuite.lu\/wp-content\/uploads\/2024\/08\/Bildschirmfoto-2024-07-15-um-15.39.30-Kopie-1024x768.webp 1024w, https:\/\/www.tilesuite.lu\/wp-content\/uploads\/2024\/08\/Bildschirmfoto-2024-07-15-um-15.39.30-Kopie-768x576.webp 768w, https:\/\/www.tilesuite.lu\/wp-content\/uploads\/2024\/08\/Bildschirmfoto-2024-07-15-um-15.39.30-Kopie-512x384.webp 512w\"  width=\"1024\" height=\"768\" alt=\"Capture d&#039;\u00e9cran 2024-07-15 \u00e0 15.39.30 Copie\" decoding=\"async\" loading=\"lazy\" >        <\/div>\n    <\/div>\n<\/div>\n            <\/div>\n            <\/div> \n\n        \n\n        <\/div>\n    <\/div>\n<\/section>\n\n\n\n\n\n<section class=\"text-media-section section\">\n\n    <div class=\"section-inner\">\n\n        <div class=\"wrapper\" data-sticky-top=\"50vh\">\n\n            <div class=\"grid-row\">\n\n                <div class=\"col-s12e24 pos-2\">\n                                                                                <div class=\"fs-infoboxes\">    \n<div class=\"fs-infoboxes-item\">\n    \n    <span class=\"h6 fs-infoboxes-item-title\" aria-label=\"Moins de joints\">\n        <strong>                                        Moins de joints                    <\/strong>    <\/span>\n    La pose de grands carreaux permet de r\u00e9duire le nombre de joints, ce qui signifie pour vous moins de nettoyage et une meilleure hygi\u00e8ne.<\/div>\n    \n<div class=\"fs-infoboxes-item\">\n    \n    <span class=\"h6 fs-infoboxes-item-title\" aria-label=\"Nettoyage facile\">\n        <strong>                                        Nettoyage facile                    <\/strong>    <\/span>\n    Les carreaux XXL, comme tous les carreaux, sont particuli\u00e8rement faciles \u00e0 nettoyer en profondeur - il suffit de veiller \u00e0 ajouter des produits de nettoyage pour sol appropri\u00e9s.<\/div>\n    \n<div class=\"fs-infoboxes-item\">\n    \n    <span class=\"h6 fs-infoboxes-item-title\" aria-label=\"Robuste et durable\">\n        <strong>                                        Robuste et durable                    <\/strong>    <\/span>\n    Comme de nombreux carreaux grand format sont en gr\u00e8s c\u00e9rame, ils sont particuli\u00e8rement r\u00e9sistants aux rayures, \u00e0 l'humidit\u00e9 et aussi aux variations de temp\u00e9rature.<\/div>\n    \n<div class=\"fs-infoboxes-item\">\n    \n    <span class=\"h6 fs-infoboxes-item-title\" aria-label=\"pose possible sur le chauffage au sol\">\n        <strong>                                        pose possible sur le chauffage au sol                    <\/strong>    <\/span>\n    Les grands carreaux conduisent la chaleur de mani\u00e8re optimale et peuvent donc \u00eatre pos\u00e9s sans probl\u00e8me en combinaison avec un chauffage au sol.<\/div>\n<\/div>\n    <h2 class=\"h6\" aria-label=\"D&eacute;couvrez les carreaux XXL &agrave; Weiswampach&lt;br \/&gt;\">\n        <strong>                                        D\u00e9couvrez les carreaux XXL \u00e0 Weiswampach<br \/>\r\n                    <\/strong>    <\/h2>\n<p>Qu'il s'agisse de grands carreaux \u00e0 l'aspect marbr\u00e9 ou de carreaux grand format au design b\u00e9ton, de carreaux muraux \u00e0 hauteur de plafond ou d'\u00e9l\u00e9ments phares au sol, n'h\u00e9sitez pas \u00e0 vous faire conseiller sur les avantages et les possibilit\u00e9s d'am\u00e9nagement des carreaux XXL dans notre exposition moderne de Weiswampach. Nous nous ferons un plaisir d'\u00e9laborer avec vous un design d'int\u00e9rieur harmonieux, parfaitement adapt\u00e9 \u00e0 vos besoins et \u00e0 votre vie, et de vous assister dans la pose professionnelle des grands carreaux. Vous pouvez avoir confiance en notre service !<\/p>\n                <\/div>\n\n                                <div class=\"col-s1e6 pos-1\">\n                                                                                \n    <h2 class=\"h3\" aria-label=\"Les grands carreaux offrent ces avantages\">\n                                                Les grands carreaux offrent ces avantages                        <\/h2>\n                <\/div>\n                                \n            <\/div>\n\n        <\/div>\n\n    <\/div>\n\n    \n<\/section>","protected":false},"featured_media":687,"parent":0,"template":"","class_list":["post-166","product","type-product","status-publish","has-post-thumbnail","hentry"],"acf":[],"_links":{"self":[{"href":"https:\/\/www.tilesuite.lu\/fr\/wp-json\/wp\/v2\/product\/166","targetHints":{"allow":["GET"]}}],"collection":[{"href":"https:\/\/www.tilesuite.lu\/fr\/wp-json\/wp\/v2\/product"}],"about":[{"href":"https:\/\/www.tilesuite.lu\/fr\/wp-json\/wp\/v2\/types\/product"}],"wp:featuredmedia":[{"embeddable":true,"href":"https:\/\/www.tilesuite.lu\/fr\/wp-json\/wp\/v2\/media\/687"}],"wp:attachment":[{"href":"https:\/\/www.tilesuite.lu\/fr\/wp-json\/wp\/v2\/media?parent=166"}],"curies":[{"name":"wp","href":"https:\/\/api.w.org\/{rel}","templated":true}]}}