{"id":167,"date":"2024-08-18T09:43:14","date_gmt":"2024-08-18T07:43:14","guid":{"rendered":"https:\/\/www.tilesuite.lu\/?post_type=product&#038;p=167"},"modified":"2025-06-09T15:50:07","modified_gmt":"2025-06-09T13:50:07","slug":"carrelage-salle-de-bain","status":"publish","type":"product","link":"https:\/\/www.tilesuite.lu\/fr\/produit\/carrelage-salle-de-bain\/","title":{"rendered":"Carreaux de salle de bain"},"content":{"rendered":"<section class=\"hero-section section\">\n\n    <div class=\"section-inner page-title\">\n\n        <div class=\"wrapper\">\n\n            <div class=\"grid-row justify-bottom\">\n                <div class=\"col-s1e8\">\n                    \n    <h1 class=\"h3\" aria-label=\"Carreaux de salle de bain\">\n                    <span class=\"word-lettering do-anim\">                            Carreaux de salle de bain            <\/span>            <\/h1>\n                <\/div>\n                <div class=\"col-s12e24 sm-margin-small\">\n                    \n    <p class=\"h3\" aria-label=\"Designs &eacute;l&eacute;gants et qualit&eacute; &lt;br \/&gt;pour la salle de bains de vos r&ecirc;ves&lt;br \/&gt;\">\n                    <span class=\"word-lettering do-anim\">                            Designs \u00e9l\u00e9gants et qualit\u00e9 <br \/>\r\npour la salle de bains de vos r\u00eaves<br \/>\r\n            <\/span>            <\/p>\n                <\/div>\n            <\/div>\n\n        <\/div>\n\n    <\/div>\n\n    \n        <div class=\"page-title-image\">\n        \n<div class=\"fs-bg fs-bg-1\">\n    \n    <div class=\"fs-bg-el\">\n        <img src=\"https:\/\/www.tilesuite.lu\/wp-content\/uploads\/2024\/08\/P.AMB_.002038.webp\" srcset=\"https:\/\/www.tilesuite.lu\/wp-content\/uploads\/2024\/08\/P.AMB_.002038.webp 1680w, https:\/\/www.tilesuite.lu\/wp-content\/uploads\/2024\/08\/P.AMB_.002038-1440x1080.webp 1440w, https:\/\/www.tilesuite.lu\/wp-content\/uploads\/2024\/08\/P.AMB_.002038-1024x768.webp 1024w, https:\/\/www.tilesuite.lu\/wp-content\/uploads\/2024\/08\/P.AMB_.002038-768x576.webp 768w, https:\/\/www.tilesuite.lu\/wp-content\/uploads\/2024\/08\/P.AMB_.002038-512x384.webp 512w\"  width=\"1920\" height=\"1440\" alt=\"P.AMB.002038\" decoding=\"async\" loading=\"lazy\" >    <\/div>\n<\/div>\n    <\/div>\n    \n    \n<\/section>\n\n\n\n\n<section class=\"text-media-section section\">\n\n    <div class=\"section-inner\">\n\n        <div class=\"wrapper\" data-sticky-top=\"50vh\">\n\n            <div class=\"grid-row\">\n\n                <div class=\"col-s12e24 pos-2\">\n                                                                                \n    <h2 class=\"h6\" aria-label=\"Les carreaux de salle de bains modernes cr&eacute;ent de v&eacute;ritables oasis de bien-&ecirc;tre&lt;br \/&gt;\">\n        <strong>                                        Les carreaux de salle de bains modernes cr\u00e9ent de v\u00e9ritables oasis de bien-\u00eatre<br \/>\r\n                    <\/strong>    <\/h2>\n<p>La salle de bain \u00e0 domicile est bien plus qu'une simple salle d'eau fonctionnelle dans laquelle nous nous occupons de notre hygi\u00e8ne corporelle quotidienne. C'est un lieu de bien-\u00eatre et de d\u00e9tente dans lequel nous pouvons oublier un instant le stress de la vie quotidienne. C'est pourquoi vous ne devez rien laisser au hasard lors de l'am\u00e9nagement de votre salle de bains et cr\u00e9er un ensemble coh\u00e9rent qui invite \u00e0 la d\u00e9tente, des carreaux de bain \u00e0 la robinetterie. \u00c9l\u00e9gance classique, clart\u00e9 moderne ou confort naturel - les carreaux de salle de bains offrent des possibilit\u00e9s d'am\u00e9nagement presque illimit\u00e9es pour les sols et les murs et sont en outre particuli\u00e8rement faciles \u00e0 entretenir, robustes et durables. Le choix id\u00e9al pour votre salle de bains !<\/p>\n\n    <h2 class=\"h6\" aria-label=\"Pourquoi le carrelage dans la salle de bain est le meilleur choix\">\n        <strong>                                        Pourquoi le carrelage dans la salle de bain est le meilleur choix                    <\/strong>    <\/h2>\n<p>Les carreaux de salle de bains s\u00e9duisent dans la salle de bains par leurs propri\u00e9t\u00e9s \u00e0 la fois pratiques et esth\u00e9tiques. Les carreaux muraux et les carreaux de sol de la salle de bain sont durables, faciles \u00e0 entretenir et r\u00e9sistants \u00e0 l'eau - des conditions parfaites pour l'atmosph\u00e8re humide qui se cr\u00e9e jour apr\u00e8s jour dans la pi\u00e8ce lors de la douche ou du bain. Autre avantage : la diversit\u00e9 des carreaux de salle de bains offre des possibilit\u00e9s d'am\u00e9nagement presque illimit\u00e9es. Qu'il s'agisse de petits carreaux color\u00e9s dans la salle de bains, de grands formats \u00e0 l'aspect pierre ou ciment ou de carreaux structur\u00e9s en relief, il n'y a pratiquement pas de limites \u00e0 ses propres id\u00e9es et conceptions. Chacun peut ainsi mettre des accents individuels et am\u00e9nager la salle de bains selon ses propres id\u00e9es.<\/p>\n\n    <h2 class=\"h6\" aria-label=\"Des id&eacute;es pour vos carreaux de salle de bains&lt;br \/&gt;\">\n        <strong>                                        Des id\u00e9es pour vos carreaux de salle de bains<br \/>\r\n                    <\/strong>    <\/h2>\n<p>Mat ou brillant <a href=\"https:\/\/www.tilesuite.lu\/fr\/produit\/carrelage\/\">Carreaux de sol<\/a>petits carreaux de mosa\u00efque ou <a href=\"https:\/\/www.tilesuite.lu\/fr\/produit\/carrelage-xxl\/\">carreaux XXL de grand format<\/a> - pour l'am\u00e9nagement de votre propre salle de bains, la diversit\u00e9 est un atout ! Nous nous ferons un plaisir de vous conseiller personnellement sur les tendances actuelles et les avantages des carreaux de salle de bains modernes dans notre exposition \u00e0 Weiswampach.<\/p>\n\n    <h3 class=\"h6\" aria-label=\"Carreaux grand format&lt;br \/&gt;\">\n        <strong>                                        Carreaux grand format<br \/>\r\n                    <\/strong>    <\/h3>\n<p>Depuis quelques ann\u00e9es d\u00e9j\u00e0, les <a href=\"https:\/\/www.tilesuite.lu\/fr\/produit\/carrelage-xxl\/\">Des carreaux au format XXL<\/a> sont \u00e0 la mode et font partie int\u00e9grante du design d'int\u00e9rieur moderne. En effet, les carreaux de salle de bains grand format permettent non seulement d'agrandir les pi\u00e8ces, m\u00eame les plus petites, mais aussi de cr\u00e9er un ensemble plus calme et plus uniforme gr\u00e2ce \u00e0 leur faible nombre de joints. Qu'ils soient pos\u00e9s au sol ou au mur, les grands carreaux de salle de bains sont une v\u00e9ritable d\u00e9claration d'intention !<\/p>\n                <\/div>\n\n                                <div class=\"col-s1e6 pos-1\">\n                                                                                <p><strong>Ils prot\u00e8gent le sol et les murs de l'humidit\u00e9, sont faciles \u00e0 nettoyer et peuvent \u00eatre pos\u00e9s sans probl\u00e8me sur un chauffage au sol - dans la salle de bains en particulier, les carreaux sont indispensables et r\u00e9ussissent comme peu d'autres rev\u00eatements de sol \u00e0 combiner habilement design et fonctionnalit\u00e9. <\/strong><\/p>\n                <\/div>\n                                \n            <\/div>\n\n        <\/div>\n\n    <\/div>\n\n    \n<\/section>\n\n\n\n\n<section class=\"gallery-section section\">\n    <div class=\"section-inner\">\n        <div class=\"wrapper-full\">\n            \n\n\n    <div class=\"grid-row grid-gallery grid-odd\">\n                    <div class=\"grid-item\">\n                \n<div class=\"fs-media fs-media-ratio-1-1\">\n    <div class=\"fs-media-item\">\n        <div class=\"fs-media-item-inner\">\n            <img src=\"https:\/\/www.tilesuite.lu\/wp-content\/uploads\/2024\/08\/Showroom-Ambienti_09-1024x706.webp\" srcset=\"https:\/\/www.tilesuite.lu\/wp-content\/uploads\/2024\/08\/Showroom-Ambienti_09-1024x706.webp 1024w, https:\/\/www.tilesuite.lu\/wp-content\/uploads\/2024\/08\/Showroom-Ambienti_09-768x530.webp 768w, https:\/\/www.tilesuite.lu\/wp-content\/uploads\/2024\/08\/Showroom-Ambienti_09-512x353.webp 512w\"  width=\"1024\" height=\"706\" alt=\"Showroom-Ambienti_09\" decoding=\"async\" loading=\"lazy\" >        <\/div>\n    <\/div>\n<\/div>\n            <\/div>\n                    <div class=\"grid-item\">\n                \n<div class=\"fs-media fs-media-ratio-1-1\">\n    <div class=\"fs-media-item\">\n        <div class=\"fs-media-item-inner\">\n            <img src=\"https:\/\/www.tilesuite.lu\/wp-content\/uploads\/2024\/08\/Showroom-Box_5.webp\" srcset=\"https:\/\/www.tilesuite.lu\/wp-content\/uploads\/2024\/08\/Showroom-Box_5.webp 1024w, https:\/\/www.tilesuite.lu\/wp-content\/uploads\/2024\/08\/Showroom-Box_5-768x746.webp 768w, https:\/\/www.tilesuite.lu\/wp-content\/uploads\/2024\/08\/Showroom-Box_5-512x497.webp 512w\"  width=\"875\" height=\"850\" alt=\"Bo\u00eete d&#039;exposition_5\" decoding=\"async\" loading=\"lazy\" >        <\/div>\n    <\/div>\n<\/div>\n            <\/div>\n            <\/div> \n\n        \n\n        <\/div>\n    <\/div>\n<\/section>\n\n\n\n\n\n<section class=\"text-media-section section\">\n\n    <div class=\"section-inner\">\n\n        <div class=\"wrapper\" data-sticky-top=\"50vh\">\n\n            <div class=\"grid-row\">\n\n                <div class=\"col-s12e24 pos-2\">\n                                                                                \n    <h3 class=\"h6\" aria-label=\"Carreaux de salle de bain aux designs naturels&lt;br \/&gt;\">\n        <strong>                                        Carreaux de salle de bain aux designs naturels<br \/>\r\n                    <\/strong>    <\/h3>\n<p>Les carreaux de salle de bains \u00e0 l'aspect bois ou pierre naturelle sont tout aussi populaires. En effet, ces carreaux parviennent \u00e0 conf\u00e9rer \u00e0 la salle de bains une atmosph\u00e8re chaleureuse et accueillante, gr\u00e2ce \u00e0 des couleurs neutres ou des tons pastel doux, ainsi qu'\u00e0 des designs mats et structur\u00e9s. Contrairement \u00e0 un sol en bois, les carreaux de salle de bains sont faciles \u00e0 entretenir et ne craignent pas l'humidit\u00e9. Le meilleur de deux mondes r\u00e9unis.<\/p>\n\n    <h3 class=\"h6\" aria-label=\"Carreaux de salle de bains avec motifs g&eacute;om&eacute;triques&lt;br \/&gt;\">\n        <strong>                                        Carreaux de salle de bains avec motifs g\u00e9om\u00e9triques<br \/>\r\n                    <\/strong>    <\/h3>\n<p>Carreaux hexagonaux, motifs \u00e0 chevrons ou mosa\u00efques artistiques - la salle de bains ne doit pas toujours \u00eatre rectangulaire ou carr\u00e9e ! Les carreaux de salle de bains g\u00e9om\u00e9triques sont tr\u00e8s tendance pour ceux qui recherchent l'originalit\u00e9. Les carreaux de salle de bains styl\u00e9s donnent un coup de jeune \u00e0 la douche ou au dos du lavabo.<\/p>\n\n    <h3 class=\"h6\" aria-label=\"Annoncer la couleur - des carreaux color&eacute;s dans la salle de bains&lt;br \/&gt;\">\n        <strong>                                        Annoncer la couleur - des carreaux color\u00e9s dans la salle de bains<br \/>\r\n                    <\/strong>    <\/h3>\n<p>Alors que les carreaux blancs, gris ou beiges sont pr\u00e9sents dans presque toutes les salles de bains, de nombreux ma\u00eetres d'ouvrage misent d\u00e9sormais d\u00e9lib\u00e9r\u00e9ment sur des couleurs plus vives afin de donner \u00e0 leur salle de bains une note captivante. Qu'il s'agisse de bleu profond, de vert \u00e9meraude ou de terre cuite, les carreaux de salle de bains color\u00e9s donnent de la vie \u00e0 la pi\u00e8ce et peuvent par exemple attirer tous les regards en tant que mur d'accent.<\/p>\n\n    <h2 class=\"h6\" aria-label=\"Les carreaux de salle de bain allient design et fonctionnalit\u00e9\">\n        <strong>                                        Les carreaux de salle de bain allient design et fonctionnalit\u00e9                    <\/strong>    <\/h2>\n<p>Des surfaces vari\u00e9es, des mat\u00e9riaux faciles \u00e0 entretenir et une finition durable - les carreaux de salle de bains ne sont pas seulement attrayants d'un point de vue visuel, ils constituent \u00e9galement un rev\u00eatement de sol pratique pour votre salle de bains. En effet, les carreaux de salle de bains peuvent \u00eatre nettoy\u00e9s \u00e0 l'eau sans probl\u00e8me et supportent \u00e9galement les \u00e9claboussures d'eau de la douche ou du lavabo. Autre avantage : les carreaux conduisent parfaitement la chaleur, de sorte que la pose sur un chauffage au sol ne pose aucun probl\u00e8me. Les carreaux en gr\u00e8s c\u00e9rame sont en outre r\u00e9sistants aux rayures et aux variations de temp\u00e9rature - des conditions parfaites pour d\u00e9corer votre salle de bains pendant de nombreuses ann\u00e9es.<\/p>\n\n    <h2 class=\"h6\" aria-label=\"D\u00e9couvrez le carrelage de salle de bains dans notre exposition \u00e0 Weiswampach\">\n        <strong>                                        D\u00e9couvrez le carrelage de salle de bains dans notre exposition \u00e0 Weiswampach                    <\/strong>    <\/h2>\n<p>Vous souhaitez r\u00e9am\u00e9nager votre salle de bains et vous \u00eates \u00e0 la recherche du carrelage ad\u00e9quat ? Vous souhaitez un design d'int\u00e9rieur global pour votre salle de bains qui tienne compte non seulement des carreaux de mur et de sol pour la salle de bains, mais aussi de la c\u00e9ramique ainsi que de la robinetterie, des lavabos et autres ? Venez nous rendre visite dans notre exposition \u00e0 Weiswampach et laissez-nous vous conseiller personnellement. Nous nous ferons un plaisir de vous assister dans votre projet de construction ou de r\u00e9novation et vous proposerons \u00e9galement un service de pose sp\u00e9cialis\u00e9. Vous b\u00e9n\u00e9ficiez ainsi de tous les services d'un seul et m\u00eame prestataire.<\/p>\n                <\/div>\n\n                                \n            <\/div>\n\n        <\/div>\n\n    <\/div>\n\n    \n<\/section>","protected":false},"featured_media":468,"parent":0,"template":"","class_list":["post-167","product","type-product","status-publish","has-post-thumbnail","hentry"],"acf":[],"_links":{"self":[{"href":"https:\/\/www.tilesuite.lu\/fr\/wp-json\/wp\/v2\/product\/167","targetHints":{"allow":["GET"]}}],"collection":[{"href":"https:\/\/www.tilesuite.lu\/fr\/wp-json\/wp\/v2\/product"}],"about":[{"href":"https:\/\/www.tilesuite.lu\/fr\/wp-json\/wp\/v2\/types\/product"}],"wp:featuredmedia":[{"embeddable":true,"href":"https:\/\/www.tilesuite.lu\/fr\/wp-json\/wp\/v2\/media\/468"}],"wp:attachment":[{"href":"https:\/\/www.tilesuite.lu\/fr\/wp-json\/wp\/v2\/media?parent=167"}],"curies":[{"name":"wp","href":"https:\/\/api.w.org\/{rel}","templated":true}]}}