{"id":168,"date":"2024-08-05T09:48:00","date_gmt":"2024-08-05T07:48:00","guid":{"rendered":"https:\/\/www.tilesuite.lu\/?post_type=product&#038;p=168"},"modified":"2025-06-09T23:12:55","modified_gmt":"2025-06-09T21:12:55","slug":"briques-de-parement","status":"publish","type":"product","link":"https:\/\/www.tilesuite.lu\/fr\/produit\/briques-de-parement\/","title":{"rendered":"Briques de parement"},"content":{"rendered":"<section class=\"hero-section section\">\n\n    <div class=\"section-inner page-title\">\n\n        <div class=\"wrapper\">\n\n            <div class=\"grid-row justify-bottom\">\n                <div class=\"col-s1e8\">\n                    \n    <h1 class=\"h3\" aria-label=\"Briques de parement\">\n                    <span class=\"word-lettering do-anim\">                            Briques de parement            <\/span>            <\/h1>\n                <\/div>\n                <div class=\"col-s12e24 sm-margin-small\">\n                    \n    <p class=\"h3\" aria-label=\"&Eacute;l&eacute;gance durable et long&eacute;vit&eacute; pour les fa&ccedil;ades modernes&lt;br \/&gt;\">\n                    <span class=\"word-lettering do-anim\">                            \u00c9l\u00e9gance durable et long\u00e9vit\u00e9 pour les fa\u00e7ades modernes<br \/>\r\n            <\/span>            <\/p>\n                <\/div>\n            <\/div>\n\n        <\/div>\n\n    <\/div>\n\n    \n        <div class=\"page-title-image\">\n        \n<div class=\"fs-bg fs-bg-1\">\n    \n    <div class=\"fs-bg-el\">\n        <img src=\"https:\/\/www.tilesuite.lu\/wp-content\/uploads\/2024\/08\/47614_2400x1600_W2400xH0.webp\" srcset=\"https:\/\/www.tilesuite.lu\/wp-content\/uploads\/2024\/08\/47614_2400x1600_W2400xH0.webp 1680w, https:\/\/www.tilesuite.lu\/wp-content\/uploads\/2024\/08\/47614_2400x1600_W2400xH0-1440x960.webp 1440w, https:\/\/www.tilesuite.lu\/wp-content\/uploads\/2024\/08\/47614_2400x1600_W2400xH0-1024x683.webp 1024w, https:\/\/www.tilesuite.lu\/wp-content\/uploads\/2024\/08\/47614_2400x1600_W2400xH0-768x512.webp 768w, https:\/\/www.tilesuite.lu\/wp-content\/uploads\/2024\/08\/47614_2400x1600_W2400xH0-512x341.webp 512w\"  width=\"1920\" height=\"1280\" alt=\"47614_2400x1600_W2400xH0\" decoding=\"async\" loading=\"lazy\" >    <\/div>\n<\/div>\n    <\/div>\n    \n    \n<\/section>\n\n\n\n\n<section class=\"text-media-section section\">\n\n    <div class=\"section-inner\">\n\n        <div class=\"wrapper\" data-sticky-top=\"50vh\">\n\n            <div class=\"grid-row\">\n\n                <div class=\"col-s12e24 pos-2\">\n                                                                                \n    <h2 class=\"h6\" aria-label=\"Briques clinker - une tendance dans l&#039;architecture moderne&lt;br \/&gt;\">\n        <strong>                                        Briques clinker - une tendance dans l'architecture moderne<br \/>\r\n                    <\/strong>    <\/h2>\n<p>Robustes, faciles \u00e0 entretenir, agr\u00e9ables \u00e0 l'\u0153il - les briques klinker r\u00e9ussissent \u00e0 combiner une fonctionnalit\u00e9 bien pens\u00e9e avec un design naturel. R\u00e9sultat : des solutions de fa\u00e7ade r\u00e9sistantes aux intemp\u00e9ries qui attirent tous les regards et dont on ne peut plus se passer dans l'architecture contemporaine. Les briques klinker sont de v\u00e9ritables produits polyvalents qui se pr\u00eatent \u00e9galement \u00e0 l'am\u00e9nagement ult\u00e9rieur de fa\u00e7ades ou \u00e0 la conception de fa\u00e7ades \u00e9nerg\u00e9tiques. Les formats longs conf\u00e8rent en outre aux b\u00e2timents un aspect moderne et \u00e9l\u00e9gant qui ne perd rien de sa beaut\u00e9, m\u00eame apr\u00e8s des ann\u00e9es. En effet, les briques de parement en plaquettes se distinguent \u00e9galement par la fid\u00e9lit\u00e9 de leur couleur - m\u00eame apr\u00e8s des ann\u00e9es, les briques de parement en plaquettes ne se d\u00e9colorent pas et r\u00e9sistent aux influences climatiques les plus diverses. Le choix id\u00e9al pour les nouvelles constructions et les r\u00e9novations !<\/p>\n\n    <h2 class=\"h6\" aria-label=\"Les briques klinker offrent de nombreuses possibilit&eacute;s d&#039;am&eacute;nagement&lt;br \/&gt;\">\n        <strong>                                        Les briques klinker offrent de nombreuses possibilit\u00e9s d'am\u00e9nagement<br \/>\r\n                    <\/strong>    <\/h2>\n<p>Depuis quelques ann\u00e9es, la tendance en architecture est de nouveau aux mat\u00e9riaux naturels, aux lignes \u00e9pur\u00e9es et \u00e0 la qualit\u00e9 durable. Ce n'est pas sans raison que les briques klinker sont de plus en plus souvent utilis\u00e9es \u00e0 l'ext\u00e9rieur dans des designs de fa\u00e7ade minimalistes, volontiers en combinaison avec d'autres mat\u00e9riaux comme le verre, le bois ou le b\u00e9ton apparent. Les briques klinker sont disponibles dans les finitions les plus diverses. Les tons de terre att\u00e9nu\u00e9s et les formats longs sont particuli\u00e8rement appr\u00e9ci\u00e9s. Les briques klinker en beige clair ou en gris intemporel conf\u00e8rent \u00e9galement aux b\u00e2timents un petit quelque chose en plus et s'int\u00e8grent harmonieusement dans les concepts architecturaux modernes.<\/p>\n\n    <h2 class=\"h6\" aria-label=\"Les avantages de la brique de parement&lt;br \/&gt;\">\n        <strong>                                        Les avantages de la brique de parement<br \/>\r\n                    <\/strong>    <\/h2>\n<p>Les briques klinker ouvrent une multitude de possibilit\u00e9s cr\u00e9atives. Qu'il s'agisse d'une pose \u00e0 b\u00e2tons rompus ou d'une pose sauvage, dans des tons clairs ou fonc\u00e9s, il n'y a pratiquement pas de limites aux id\u00e9es et aux conceptions de chacun. Outre leurs avantages visuels, les briques klinker s\u00e9duisent \u00e9galement par leur durabilit\u00e9, leur surface facile d'entretien et la fid\u00e9lit\u00e9 de leur couleur.<\/p>\n                <\/div>\n\n                                <div class=\"col-s1e6 pos-1\">\n                                                                                <p><strong>Les briques klinker jouissent d'une grande popularit\u00e9 depuis des ann\u00e9es d\u00e9j\u00e0. Et ce n'est pas sans raison, car les \u00e9troites briques de parement Klinker allient design classique et fonctionnalit\u00e9 moderne et cr\u00e9ent des fa\u00e7ades qui ne perdent rien de leur beaut\u00e9, m\u00eame apr\u00e8s des ann\u00e9es.<\/strong><\/p>\n\n<div class=\"fs-media fs-media-ratio-1-1 do-anim\">\n    <div class=\"fs-media-item\">\n        <div class=\"fs-media-item-inner\">\n            <img src=\"https:\/\/www.tilesuite.lu\/wp-content\/uploads\/2024\/08\/45258_2400x1600_W2400xH0-512x341.webp\" srcset=\"https:\/\/www.tilesuite.lu\/wp-content\/uploads\/2024\/08\/45258_2400x1600_W2400xH0-512x341.webp 512w\"  width=\"512\" height=\"341\" alt=\"45258_2400x1600_W2400xH0\" decoding=\"async\" loading=\"lazy\" >        <\/div>\n    <\/div>\n<\/div>\n                <\/div>\n                                \n            <\/div>\n\n        <\/div>\n\n    <\/div>\n\n    \n<\/section>\n\n\n\n\n<section class=\"gallery-section section\">\n    <div class=\"section-inner\">\n        <div class=\"wrapper-full\">\n            \n\n\n    <div class=\"grid-row grid-gallery grid-odd\">\n                    <div class=\"grid-item\">\n                \n<div class=\"fs-media fs-media-ratio-1-1\">\n    <div class=\"fs-media-item\">\n        <div class=\"fs-media-item-inner\">\n            <img src=\"https:\/\/www.tilesuite.lu\/wp-content\/uploads\/2024\/08\/53876_2400x1600px_W2400xH0-1024x683.webp\" srcset=\"https:\/\/www.tilesuite.lu\/wp-content\/uploads\/2024\/08\/53876_2400x1600px_W2400xH0-1024x683.webp 1024w, https:\/\/www.tilesuite.lu\/wp-content\/uploads\/2024\/08\/53876_2400x1600px_W2400xH0-768x512.webp 768w, https:\/\/www.tilesuite.lu\/wp-content\/uploads\/2024\/08\/53876_2400x1600px_W2400xH0-512x341.webp 512w\"  width=\"1024\" height=\"683\" alt=\"53876_2400x1600px_W2400xH0\" decoding=\"async\" loading=\"lazy\" >        <\/div>\n    <\/div>\n<\/div>\n            <\/div>\n                    <div class=\"grid-item\">\n                \n<div class=\"fs-media fs-media-ratio-1-1\">\n    <div class=\"fs-media-item\">\n        <div class=\"fs-media-item-inner\">\n            <img src=\"https:\/\/www.tilesuite.lu\/wp-content\/uploads\/2024\/08\/50119_2400x1600_W2400xH0-1024x683.webp\" srcset=\"https:\/\/www.tilesuite.lu\/wp-content\/uploads\/2024\/08\/50119_2400x1600_W2400xH0-1024x683.webp 1024w, https:\/\/www.tilesuite.lu\/wp-content\/uploads\/2024\/08\/50119_2400x1600_W2400xH0-768x512.webp 768w, https:\/\/www.tilesuite.lu\/wp-content\/uploads\/2024\/08\/50119_2400x1600_W2400xH0-512x341.webp 512w\"  width=\"1024\" height=\"683\" alt=\"50119_2400x1600_W2400xH0\" decoding=\"async\" loading=\"lazy\" >        <\/div>\n    <\/div>\n<\/div>\n            <\/div>\n            <\/div> \n\n        \n\n        <\/div>\n    <\/div>\n<\/section>\n\n\n\n\n\n<section class=\"text-media-section section\">\n\n    <div class=\"section-inner\">\n\n        <div class=\"wrapper\" data-sticky-top=\"50vh\">\n\n            <div class=\"grid-row\">\n\n                <div class=\"col-s12e24 pos-2\">\n                                                                                \n    <h3 class=\"h6\" aria-label=\"Les briques klinker ont une longue dur\u00e9e de vie et sont faciles \u00e0 entretenir\">\n        <strong>                                        Les briques klinker ont une longue dur\u00e9e de vie et sont faciles \u00e0 entretenir                    <\/strong>    <\/h3>\n<p>En tant que mat\u00e9riau naturel, les briques klinker d\u00e9fient le gel, la pluie, les variations de temp\u00e9rature et les rayons UV pendant des ann\u00e9es, sans perdre leur couleur. Leur surface r\u00e9sistante aux intemp\u00e9ries leur assure une dur\u00e9e de vie particuli\u00e8rement longue - et ce sans grand entretien. En effet, les salissures sur la fa\u00e7ade en briques klinker s'enl\u00e8vent facilement. Les mousses et les algues n'ont gu\u00e8re de prise sur la brique klinker.<\/p>\n\n    <h3 class=\"h6\" aria-label=\"Les briques klinker sont une alternative durable\">\n        <strong>                                        Les briques klinker sont une alternative durable                    <\/strong>    <\/h3>\n<p>Fabriqu\u00e9es \u00e0 partir de mat\u00e9riaux naturels tels que l'argile, la terre glaise et l'eau, les briques klinker sont non seulement esth\u00e9tiques, mais \u00e9galement b\u00e9n\u00e9fiques pour l'environnement. Elles conviennent aux projets de construction durable et constituent un choix de qualit\u00e9 pour les b\u00e2timents tant priv\u00e9s que publics. Combin\u00e9es \u00e0 un syst\u00e8me d'isolation thermique, elles contribuent en outre aux \u00e9conomies d'\u00e9nergie. Qu'il s'agisse d'un accent ou d'un rev\u00eatement complet, les briques klinker convainquent par leur qualit\u00e9 et constituent un investissement s\u00fbr pour l'avenir de chaque fa\u00e7ade.<\/p>\n\n    <h3 class=\"h6\" aria-label=\"Les briques klinker - plus qu&#039;une simple fa&ccedil;ade&lt;br \/&gt;\">\n        <strong>                                        Les briques klinker - plus qu'une simple fa\u00e7ade<br \/>\r\n                    <\/strong>    <\/h3>\n<p>Si vous accordez de l'importance au design, \u00e0 la fonctionnalit\u00e9 et \u00e0 la durabilit\u00e9, les briques klinker sont le meilleur choix. C'est avec plaisir que nous vous pr\u00e9sentons dans notre exposition \u00e0 Weiswampach les multiples possibilit\u00e9s d'une fa\u00e7ade en briques et que nous vous conseillons personnellement sur les avantages des briques de parement klinker. Nous attachons une grande importance \u00e0 un conseil individuel et professionnel ainsi qu'\u00e0 un service convaincant qui, si vous le souhaitez, comprend \u00e9galement la r\u00e9alisation de votre nouvelle fa\u00e7ade.<\/p>\n                <\/div>\n\n                                \n            <\/div>\n\n        <\/div>\n\n    <\/div>\n\n    \n<\/section>","protected":false},"featured_media":677,"parent":0,"template":"","class_list":["post-168","product","type-product","status-publish","has-post-thumbnail","hentry"],"acf":[],"_links":{"self":[{"href":"https:\/\/www.tilesuite.lu\/fr\/wp-json\/wp\/v2\/product\/168","targetHints":{"allow":["GET"]}}],"collection":[{"href":"https:\/\/www.tilesuite.lu\/fr\/wp-json\/wp\/v2\/product"}],"about":[{"href":"https:\/\/www.tilesuite.lu\/fr\/wp-json\/wp\/v2\/types\/product"}],"wp:featuredmedia":[{"embeddable":true,"href":"https:\/\/www.tilesuite.lu\/fr\/wp-json\/wp\/v2\/media\/677"}],"wp:attachment":[{"href":"https:\/\/www.tilesuite.lu\/fr\/wp-json\/wp\/v2\/media?parent=168"}],"curies":[{"name":"wp","href":"https:\/\/api.w.org\/{rel}","templated":true}]}}