{"id":473,"date":"2024-08-17T15:38:41","date_gmt":"2024-08-17T13:38:41","guid":{"rendered":"https:\/\/www.tilesuite.lu\/?post_type=product&#038;p=473"},"modified":"2025-06-09T23:14:55","modified_gmt":"2025-06-09T21:14:55","slug":"outdoor","status":"publish","type":"product","link":"https:\/\/www.tilesuite.lu\/fr\/produit\/outdoor\/","title":{"rendered":"En plein air"},"content":{"rendered":"<section class=\"hero-section section\">\n\n    <div class=\"section-inner page-title\">\n\n        <div class=\"wrapper\">\n\n            <div class=\"grid-row justify-bottom\">\n                <div class=\"col-s1e8\">\n                    \n    <h1 class=\"h3\" aria-label=\"Carreaux de terrasse\">\n                    <span class=\"word-lettering do-anim\">                            Carreaux de terrasse            <\/span>            <\/h1>\n                <\/div>\n                <div class=\"col-s12e24 sm-margin-small\">\n                    \n    <p class=\"h3\" aria-label=\"Des carreaux en c&eacute;ramique pour une sensation estivale compl&egrave;te sur la terrasse&lt;br \/&gt;\">\n                    <span class=\"word-lettering do-anim\">                            Des carreaux en c\u00e9ramique pour une sensation estivale compl\u00e8te sur la terrasse<br \/>\r\n            <\/span>            <\/p>\n                <\/div>\n            <\/div>\n\n        <\/div>\n\n    <\/div>\n\n    \n        <div class=\"page-title-image\">\n        \n<div class=\"fs-bg fs-bg-1\">\n    \n    <div class=\"fs-bg-el\">\n        <img src=\"https:\/\/www.tilesuite.lu\/wp-content\/uploads\/2024\/08\/showroom-outdoor_6.webp\" srcset=\"https:\/\/www.tilesuite.lu\/wp-content\/uploads\/2024\/08\/showroom-outdoor_6.webp 1680w, https:\/\/www.tilesuite.lu\/wp-content\/uploads\/2024\/08\/showroom-outdoor_6.webp 1440w, https:\/\/www.tilesuite.lu\/wp-content\/uploads\/2024\/08\/showroom-outdoor_6-1024x683.webp 1024w, https:\/\/www.tilesuite.lu\/wp-content\/uploads\/2024\/08\/showroom-outdoor_6-768x512.webp 768w, https:\/\/www.tilesuite.lu\/wp-content\/uploads\/2024\/08\/showroom-outdoor_6-512x341.webp 512w\"  width=\"1200\" height=\"800\" alt=\"showroom-outdoor_6\" decoding=\"async\" loading=\"lazy\" >    <\/div>\n<\/div>\n    <\/div>\n    \n    \n<\/section>\n\n\n\n\n<section class=\"text-media-section section\">\n\n    <div class=\"section-inner\">\n\n        <div class=\"wrapper\" data-sticky-top=\"50vh\">\n\n            <div class=\"grid-row\">\n\n                <div class=\"col-s12e24 pos-2\">\n                                                                                \n    <h2 class=\"h6\" aria-label=\"Des carreaux de terrasse modernes pour des oasis de style en plein air&lt;br \/&gt;\">\n        <strong>                                        Des carreaux de terrasse modernes pour des oasis de style en plein air<br \/>\r\n                    <\/strong>    <\/h2>\n<p>Lorsque les premiers rayons de soleil nous chatouillent la peau, que les oiseaux chantent dans les arbres et que la nature reprend vie, notre vie se d\u00e9place \u00e0 nouveau de plus en plus vers l'ext\u00e9rieur. Or, la terrasse est depuis longtemps bien plus qu'un simple emplacement pour les meubles de jardin. C'est l'endroit o\u00f9 nous terminons les longues soir\u00e9es d'\u00e9t\u00e9 en buvant des boissons fra\u00eeches avec de bons amis, o\u00f9 nous organisons de d\u00e9licieux barbecues en famille ou o\u00f9 nous nous d\u00e9tendons simplement en lisant un livre. C'est une extension de la salle de s\u00e9jour \u00e0 l'ext\u00e9rieur - il est donc \u00e9vident que rien ne doit \u00eatre laiss\u00e9 au hasard lors du choix des carreaux de terrasse appropri\u00e9s. Qu'il s'agisse de carreaux en c\u00e9ramique ou de dalles de terrasse en gr\u00e8s c\u00e9rame, de style m\u00e9diterran\u00e9en ou d'\u00e9l\u00e9gance minimaliste, nous tenons \u00e0 votre disposition une multitude de carreaux de terrasse aux formes et aux couleurs les plus diverses.<\/p>\n\n    <h2 class=\"h6\" aria-label=\"Des carreaux de terrasse modernes pour des oasis de style en plein air&lt;br \/&gt;\">\n        <strong>                                        Des carreaux de terrasse modernes pour des oasis de style en plein air<br \/>\r\n                    <\/strong>    <\/h2>\n<p>Lorsque les premiers rayons de soleil nous chatouillent la peau, que les oiseaux chantent dans les arbres et que la nature reprend vie, notre vie se d\u00e9place \u00e0 nouveau de plus en plus vers l'ext\u00e9rieur. Or, la terrasse est depuis longtemps bien plus qu'un simple emplacement pour les meubles de jardin. C'est l'endroit o\u00f9 nous terminons les longues soir\u00e9es d'\u00e9t\u00e9 en buvant des boissons fra\u00eeches avec de bons amis, o\u00f9 nous organisons de d\u00e9licieux barbecues en famille ou o\u00f9 nous nous d\u00e9tendons simplement en lisant un livre. C'est une extension de la salle de s\u00e9jour \u00e0 l'ext\u00e9rieur - il est donc \u00e9vident que rien ne doit \u00eatre laiss\u00e9 au hasard lors du choix des carreaux de terrasse appropri\u00e9s. Qu'il s'agisse de carreaux en c\u00e9ramique ou de dalles de terrasse en gr\u00e8s c\u00e9rame, de style m\u00e9diterran\u00e9en ou d'\u00e9l\u00e9gance minimaliste, nous tenons \u00e0 votre disposition une multitude de carreaux de terrasse aux formes et aux couleurs les plus diverses.<\/p>\n\n    <h2 class=\"h6\" aria-label=\"Carreaux de terrasse - des tendances pour chaque jardin\">\n        <strong>                                        Carreaux de terrasse - des tendances pour chaque jardin                    <\/strong>    <\/h2>\n<p>Vous aimez l'ambiance du sud de la France ou souhaitez ressentir le design m\u00e9diterran\u00e9en de l'Italie dans votre jardin ? Vous souhaitez prolonger l'\u00e9l\u00e9gance discr\u00e8te de votre espace de vie \u00e0 l'ext\u00e9rieur ? Ou bien vous souhaitez des carreaux particuli\u00e8rement grands qui feront para\u00eetre votre terrasse encore plus grande ? Nous nous ferons un plaisir de vous conseiller personnellement sur les nombreuses possibilit\u00e9s qui s'offrent \u00e0 vous et de cr\u00e9er avec vous un concept de terrasse parfaitement adapt\u00e9 \u00e0 vos besoins et \u00e0 vos id\u00e9es.<\/p>\n                <\/div>\n\n                                <div class=\"col-s1e6 pos-1\">\n                                                                                <p><strong>Si vous souhaitez passer l'\u00e9t\u00e9 dans votre jardin ou sur votre terrasse, les carreaux en c\u00e9ramique sont le choix id\u00e9al. En effet, les carreaux de terrasse sont non seulement particuli\u00e8rement robustes et r\u00e9sistants \u00e0 la chaleur et au gel, mais ils marquent \u00e9galement des points gr\u00e2ce \u00e0 leurs designs vari\u00e9s qui compl\u00e8tent chaque espace ext\u00e9rieur.<\/strong><\/p>\n                <\/div>\n                                \n            <\/div>\n\n        <\/div>\n\n    <\/div>\n\n    \n<\/section>\n\n\n\n\n<section class=\"gallery-section section\">\n    <div class=\"section-inner\">\n        <div class=\"wrapper-full\">\n            \n\n\n    <div class=\"grid-row grid-gallery grid-odd\">\n                    <div class=\"grid-item\">\n                \n<div class=\"fs-media fs-media-ratio-1-1\">\n    <div class=\"fs-media-item\">\n        <div class=\"fs-media-item-inner\">\n            <img src=\"https:\/\/www.tilesuite.lu\/wp-content\/uploads\/2024\/08\/showroom-outdoor_2-1024x723.webp\" srcset=\"https:\/\/www.tilesuite.lu\/wp-content\/uploads\/2024\/08\/showroom-outdoor_2-1024x723.webp 1024w, https:\/\/www.tilesuite.lu\/wp-content\/uploads\/2024\/08\/showroom-outdoor_2-768x542.webp 768w, https:\/\/www.tilesuite.lu\/wp-content\/uploads\/2024\/08\/showroom-outdoor_2-512x362.webp 512w\"  width=\"1024\" height=\"723\" alt=\"showroom-outdoor_2\" decoding=\"async\" loading=\"lazy\" >        <\/div>\n    <\/div>\n<\/div>\n            <\/div>\n                    <div class=\"grid-item\">\n                \n<div class=\"fs-media fs-media-ratio-1-1\">\n    <div class=\"fs-media-item\">\n        <div class=\"fs-media-item-inner\">\n            <img src=\"https:\/\/www.tilesuite.lu\/wp-content\/uploads\/2024\/08\/showroom-outdoor_9-1024x683.webp\" srcset=\"https:\/\/www.tilesuite.lu\/wp-content\/uploads\/2024\/08\/showroom-outdoor_9-1024x683.webp 1024w, https:\/\/www.tilesuite.lu\/wp-content\/uploads\/2024\/08\/showroom-outdoor_9-768x512.webp 768w, https:\/\/www.tilesuite.lu\/wp-content\/uploads\/2024\/08\/showroom-outdoor_9-512x341.webp 512w\"  width=\"1024\" height=\"683\" alt=\"showroom-outdoor_9\" decoding=\"async\" loading=\"lazy\" >        <\/div>\n    <\/div>\n<\/div>\n            <\/div>\n            <\/div> \n\n        \n\n        <\/div>\n    <\/div>\n<\/section>\n\n\n\n\n\n<section class=\"text-media-section section\">\n\n    <div class=\"section-inner\">\n\n        <div class=\"wrapper\" data-sticky-top=\"50vh\">\n\n            <div class=\"grid-row\">\n\n                <div class=\"col-s12e24 pos-2\">\n                                                                                \n    <h3 class=\"h6\" aria-label=\"Des dalles de terrasse naturelles pour faire le lien entre l&#039;int&eacute;rieur et l&#039;ext&eacute;rieur&lt;br \/&gt;\">\n        <strong>                                        Des dalles de terrasse naturelles pour faire le lien entre l'int\u00e9rieur et l'ext\u00e9rieur<br \/>\r\n                    <\/strong>    <\/h3>\n<p>Les carreaux de terrasse \u00e0 l'aspect bois ou pierre naturelle sont tr\u00e8s appr\u00e9ci\u00e9s pour exprimer le design de votre espace de vie \u00e0 l'ext\u00e9rieur et cr\u00e9er ainsi une image d'ensemble homog\u00e8ne. Ils conf\u00e8rent \u00e0 l'espace ext\u00e9rieur une atmosph\u00e8re chaleureuse et accueillante et, surtout en grands formats, cr\u00e9ent un ensemble paisible qui est en outre particuli\u00e8rement facile \u00e0 nettoyer. De plus, les dalles de terrasse naturelles reprennent des mat\u00e9riaux de la nature et sont ainsi particuli\u00e8rement harmonieuses.<\/p>\n\n    <h3 class=\"h6\" aria-label=\"Dalles de terrasse en gr&egrave;s c&eacute;rame&lt;br \/&gt;\">\n        <strong>                                        Dalles de terrasse en gr\u00e8s c\u00e9rame<br \/>\r\n                    <\/strong>    <\/h3>\n<p>Les dalles de terrasse en gr\u00e8s c\u00e9rame sont consid\u00e9r\u00e9es \u00e0 juste titre comme la cat\u00e9gorie reine. En effet, ce mat\u00e9riau se caract\u00e9rise par son extr\u00eame duret\u00e9, sa long\u00e9vit\u00e9, sa r\u00e9sistance au gel et sa faible absorption d'eau - des conditions parfaites pour la pose en plein air. Les techniques d'impression modernes permettent de cr\u00e9er une multitude de designs - de l'aspect rustique du bois \u00e0 la surface moderne du b\u00e9ton. Avec ces carreaux de terrasse, la cr\u00e9ativit\u00e9 n'a pratiquement pas de limites.<\/p>\n\n    <h2 class=\"h6\" aria-label=\"Carreaux de terrasse en diff&eacute;rentes couleurs&lt;br \/&gt;\">\n        <strong>                                        Carreaux de terrasse en diff\u00e9rentes couleurs<br \/>\r\n                    <\/strong>    <\/h2>\n<p>Ceux qui veulent r\u00e9am\u00e9nager leur terrasse n'ont que l'embarras du choix. En effet, le choix de carreaux de terrasse est plus vaste que jamais. Vous pouvez par exemple opter pour des tons neutres comme le beige ou le gris et les combiner avec des meubles de jardin modernes. Si vous souhaitez cr\u00e9er un v\u00e9ritable point fort, vous pouvez \u00e9galement opter pour des carreaux de terrasse aux motifs g\u00e9om\u00e9triques ou aux accents color\u00e9s. En ce qui concerne la taille, il n'y a gu\u00e8re de limites \u00e0 ce que l'on peut imaginer. Des carreaux de terrasse carr\u00e9s au format XXL aux carreaux rectangulaires, les dalles de terrasse sont disponibles dans toutes les formes imaginables. Il est ainsi possible de r\u00e9aliser, outre l'assemblage classique en croix, d'autres techniques de pose, comme un motif en quinconce ou en chevron.<\/p>\n                <\/div>\n\n                                \n            <\/div>\n\n        <\/div>\n\n    <\/div>\n\n    \n<\/section>\n\n\n\n\n<section class=\"gallery-section section\">\n    <div class=\"section-inner\">\n        <div class=\"wrapper-full\">\n            \n\n\n    <div class=\"grid-row grid-gallery grid-odd\">\n                    <div class=\"grid-item\">\n                \n<div class=\"fs-media fs-media-ratio-1-1\">\n    <div class=\"fs-media-item\">\n        <div class=\"fs-media-item-inner\">\n            <img src=\"https:\/\/www.tilesuite.lu\/wp-content\/uploads\/2024\/08\/Showroom-Outdoor-1024x683.webp\" srcset=\"https:\/\/www.tilesuite.lu\/wp-content\/uploads\/2024\/08\/Showroom-Outdoor-1024x683.webp 1024w, https:\/\/www.tilesuite.lu\/wp-content\/uploads\/2024\/08\/Showroom-Outdoor-768x512.webp 768w, https:\/\/www.tilesuite.lu\/wp-content\/uploads\/2024\/08\/Showroom-Outdoor-512x341.webp 512w\"  width=\"1024\" height=\"683\" alt=\"Showroom-Outdoor\" decoding=\"async\" loading=\"lazy\" >        <\/div>\n    <\/div>\n<\/div>\n            <\/div>\n                    <div class=\"grid-item\">\n                \n<div class=\"fs-media fs-media-ratio-1-1\">\n    <div class=\"fs-media-item\">\n        <div class=\"fs-media-item-inner\">\n            <img src=\"https:\/\/www.tilesuite.lu\/wp-content\/uploads\/2024\/08\/showroom-outdoor_3.webp\" srcset=\"https:\/\/www.tilesuite.lu\/wp-content\/uploads\/2024\/08\/showroom-outdoor_3.webp 1024w, https:\/\/www.tilesuite.lu\/wp-content\/uploads\/2024\/08\/showroom-outdoor_3.webp 768w, https:\/\/www.tilesuite.lu\/wp-content\/uploads\/2024\/08\/showroom-outdoor_3-512x714.webp 512w\"  width=\"574\" height=\"800\" alt=\"showroom-outdoor_3\" decoding=\"async\" loading=\"lazy\" >        <\/div>\n    <\/div>\n<\/div>\n            <\/div>\n            <\/div> \n\n        \n\n        <\/div>\n    <\/div>\n<\/section>\n\n\n\n\n\n<section class=\"text-media-section section\">\n\n    <div class=\"section-inner\">\n\n        <div class=\"wrapper\" data-sticky-top=\"50vh\">\n\n            <div class=\"grid-row\">\n\n                <div class=\"col-s12e24 pos-2\">\n                                                                                <p><strong>Elles sont r\u00e9sistantes aux intemp\u00e9ries, elles sont polyvalentes en termes de formes et de couleurs, elles d\u00e9corent l'ext\u00e9rieur pendant des ann\u00e9es : les dalles de terrasse offrent toute une s\u00e9rie d'avantages et constituent un investissement rentable pour valoriser votre espace ext\u00e9rieur.<\/strong><\/p>\n<div class=\"fs-infoboxes\">    \n<div class=\"fs-infoboxes-item\">\n    \n    <span class=\"h6 fs-infoboxes-item-title\" aria-label=\"Les carreaux de terrasse sont faciles \u00e0 entretenir\">\n        <strong>                                        Les carreaux de terrasse sont faciles \u00e0 entretenir                    <\/strong>    <\/span>\n    Les surfaces lisses et denses des dalles de terrasse sont faciles \u00e0 nettoyer - les salissures plus importantes peuvent \u00e9galement \u00eatre \u00e9limin\u00e9es \u00e0 l'aide d'un nettoyeur haute pression.<\/div>\n    \n<div class=\"fs-infoboxes-item\">\n    \n    <span class=\"h6 fs-infoboxes-item-title\" aria-label=\"Les carreaux de terrasse sont r\u00e9sistants aux intemp\u00e9ries\">\n        <strong>                                        Les carreaux de terrasse sont r\u00e9sistants aux intemp\u00e9ries                    <\/strong>    <\/span>\n    Gr\u00e2ce \u00e0 leur fabrication sp\u00e9ciale, les dalles de terrasse r\u00e9sistent au gel, \u00e0 la chaleur, \u00e0 l'humidit\u00e9 et \u00e9galement aux rayons UV.<\/div>\n    \n<div class=\"fs-infoboxes-item\">\n    \n    <span class=\"h6 fs-infoboxes-item-title\" aria-label=\"Les carreaux de terrasse sont r\u00e9sistants\">\n        <strong>                                        Les carreaux de terrasse sont r\u00e9sistants                    <\/strong>    <\/span>\n    Les dalles de terrasse disposent d'une grande r\u00e9sistance \u00e0 l'usure et sont \u00e9galement r\u00e9sistantes aux rayures et autres dommages.<\/div>\n    \n<div class=\"fs-infoboxes-item\">\n    \n    <span class=\"h6 fs-infoboxes-item-title\" aria-label=\"Les carreaux de terrasse sont antid\u00e9rapants\">\n        <strong>                                        Les carreaux de terrasse sont antid\u00e9rapants                    <\/strong>    <\/span>\n    Les surfaces antid\u00e9rapantes des dalles de terrasse apportent un plus en mati\u00e8re d'antid\u00e9rapance, m\u00eame en cas d'humidit\u00e9.<\/div>\n    \n<div class=\"fs-infoboxes-item\">\n    \n    <span class=\"h6 fs-infoboxes-item-title\" aria-label=\"Les carreaux de terrasse sont polyvalents\">\n        <strong>                                        Les carreaux de terrasse sont polyvalents                    <\/strong>    <\/span>\n    Classique, minimaliste ou m\u00e9diterran\u00e9en, il existe des dalles de terrasse adapt\u00e9es \u00e0 chaque style.<\/div>\n<\/div>\n    <h2 class=\"h6\" aria-label=\"Carreaux de terrasse pour votre jardin - visitez notre exposition&lt;br \/&gt;\">\n        <strong>                                        Carreaux de terrasse pour votre jardin - visitez notre exposition<br \/>\r\n                    <\/strong>    <\/h2>\n<p>Que ce soit dans le cadre d'une nouvelle construction ou d'un r\u00e9am\u00e9nagement de jardin, nous nous ferons un plaisir de vous aider \u00e0 am\u00e9nager votre terrasse et de vous conseiller personnellement sur notre vaste choix de dalles de terrasse dans notre exposition \u00e0 Weiswampach. Et vous pouvez \u00e9galement compter sur notre service pour la pose des dalles de terrasse - pour une mise en \u0153uvre professionnelle et des r\u00e9sultats convaincants.<\/p>\n                <\/div>\n\n                                <div class=\"col-s1e6 pos-1\">\n                                                                                \n    <h2 class=\"h3\" aria-label=\"Voil&agrave; pourquoi il vaut la peine d&#039;investir dans de bons carreaux de terrasse&lt;br \/&gt;\">\n                                                Voil\u00e0 pourquoi il vaut la peine d'investir dans de bons carreaux de terrasse<br \/>\r\n                        <\/h2>\n                <\/div>\n                                \n            <\/div>\n\n        <\/div>\n\n    <\/div>\n\n    \n<\/section>","protected":false},"featured_media":692,"parent":0,"template":"","class_list":["post-473","product","type-product","status-publish","has-post-thumbnail","hentry"],"acf":[],"_links":{"self":[{"href":"https:\/\/www.tilesuite.lu\/fr\/wp-json\/wp\/v2\/product\/473","targetHints":{"allow":["GET"]}}],"collection":[{"href":"https:\/\/www.tilesuite.lu\/fr\/wp-json\/wp\/v2\/product"}],"about":[{"href":"https:\/\/www.tilesuite.lu\/fr\/wp-json\/wp\/v2\/types\/product"}],"wp:featuredmedia":[{"embeddable":true,"href":"https:\/\/www.tilesuite.lu\/fr\/wp-json\/wp\/v2\/media\/692"}],"wp:attachment":[{"href":"https:\/\/www.tilesuite.lu\/fr\/wp-json\/wp\/v2\/media?parent=473"}],"curies":[{"name":"wp","href":"https:\/\/api.w.org\/{rel}","templated":true}]}}